{"id":8251,"date":"2023-12-01T09:31:26","date_gmt":"2023-12-01T08:31:26","guid":{"rendered":"https:\/\/girosformacion.com\/?page_id=8251"},"modified":"2023-12-01T11:01:06","modified_gmt":"2023-12-01T10:01:06","slug":"sistema-dinformacions","status":"publish","type":"page","link":"https:\/\/girosformacion.com\/ca\/sistema-de-informaciones\/","title":{"rendered":"Sistema d&#039;informacions"},"content":{"rendered":"\t\t<div data-elementor-type=\"wp-page\" data-elementor-id=\"8251\" class=\"elementor elementor-8251\" data-elementor-post-type=\"page\">\n\t\t\t\t\t\t<section class=\"elementor-section elementor-top-section elementor-element elementor-element-1a13940e elementor-section-boxed elementor-section-height-default elementor-section-height-default\" data-id=\"1a13940e\" data-element_type=\"section\" data-e-type=\"section\" data-settings=\"{&quot;background_background&quot;:&quot;classic&quot;}\">\n\t\t\t\t\t\t<div class=\"elementor-container elementor-column-gap-default\">\n\t\t\t\t\t<div class=\"elementor-column elementor-col-100 elementor-top-column elementor-element elementor-element-3ef4f575\" data-id=\"3ef4f575\" data-element_type=\"column\" data-e-type=\"column\">\n\t\t\t<div class=\"elementor-widget-wrap elementor-element-populated\">\n\t\t\t\t\t\t<div class=\"elementor-element elementor-element-349caab elementor-widget elementor-widget-heading\" data-id=\"349caab\" data-element_type=\"widget\" data-e-type=\"widget\" data-widget_type=\"heading.default\">\n\t\t\t\t<div class=\"elementor-widget-container\">\n\t\t\t\t\t<h1 class=\"elementor-heading-title elementor-size-default\">Sistema de informaciones<\/h1>\t\t\t\t<\/div>\n\t\t\t\t<\/div>\n\t\t\t\t<div class=\"elementor-element elementor-element-9621ca0 elementor-widget elementor-widget-heading\" data-id=\"9621ca0\" data-element_type=\"widget\" data-e-type=\"widget\" data-widget_type=\"heading.default\">\n\t\t\t\t<div class=\"elementor-widget-container\">\n\t\t\t\t\t<h3 class=\"elementor-heading-title elementor-size-large\">Principios generales del sistema interno de informaci\u00f3n y defensa del informante.<\/h3>\t\t\t\t<\/div>\n\t\t\t\t<\/div>\n\t\t\t\t<div class=\"elementor-element elementor-element-63a788cd elementor-widget elementor-widget-text-editor\" data-id=\"63a788cd\" data-element_type=\"widget\" data-e-type=\"widget\" data-widget_type=\"text-editor.default\">\n\t\t\t\t<div class=\"elementor-widget-container\">\n\t\t\t\t\t\t\t\t\t<p><\/p>\n<p>El funcionamiento y la gesti\u00f3n del Sistema Interno de Informaci\u00f3n de CRITERIA se rige por los siguientes principios generales:<\/p>\n<ul>\n<li><strong>Confidencialidad:<\/strong>\u00a0Se permite la comunicaci\u00f3n an\u00f3nima de informaci\u00f3n a trav\u00e9s del Sistema Interno de Informaci\u00f3n. Adem\u00e1s, resulta indispensable garantizar la confidencialidad del informante en lo relativo a su identidad y el contenido de las comunicaciones que realice. No resulta obligatorio que para la gesti\u00f3n del Sistema Interno de Informaci\u00f3n las comunicaciones sean an\u00f3nimas, sin embargo, la norma permite el anonimato, ya que es la mejor garant\u00eda para la defensa y protecci\u00f3n del informante. Por lo que si el informante opta por su anonimato, nunca podr\u00e1 revelarse su identidad. El dato de la identidad del informante nunca ser\u00e1 objeto del derecho de acceso a datos personales y se limita la posibilidad de comunicaci\u00f3n de dicha identidad s\u00f3lo a la autoridad judicial, el Ministerio Fiscal o la autoridad administrativa competente exigiendo que en todo caso se impida el acceso por terceros a la misma. Aunque el que el informante decida libremente no ocultar su identidad, el informe de resoluci\u00f3n de la investigaci\u00f3n llevada a cabo con motivo de una comunicaci\u00f3n de informaci\u00f3n, nunca har\u00e1 referencia a la identidad del informante ni de las partes implicadas, en aras a garantizar la debida confidencialidad.<\/li>\n<\/ul>\n<p>\u00a0<\/p>\n<ul>\n<li><strong>Respeto y Buena fe.<\/strong> Las comunicaciones que se realicen a trav\u00e9s del Sistema Interno de Informaci\u00f3n se realizar\u00e1n en base al respeto y a la buena fe. El informante que lleve a cabo una comunicaci\u00f3n de informaci\u00f3n realizar\u00e1 tal comunicaci\u00f3n siempre que tenga una verdadera sospecha de que la informaci\u00f3n facilitada es veraz, completa y precisa, con independencia de que tras el proceso de investigaci\u00f3n, se verifique que la informaci\u00f3n facilitada no resulta constitutiva de infracci\u00f3n.La buena fe es la expresi\u00f3n de que el comportamiento del informante es c\u00edvico y que, por ende, no comunica informaci\u00f3n falsa o tergiversada de manera il\u00edcita.<\/li>\n<\/ul>\n<p>\u00a0<\/p>\n<ul>\n<li><strong>Transparencia y accesibilidad.<\/strong>\u00a0El Sistema Interno de Informaci\u00f3n debe ser f\u00e1cilmente accesible para los empleados de CRITERIA y para aquellos terceros que mantengan o hayan mantenido alg\u00fan tipo de relaci\u00f3n con CRITERIA, adem\u00e1s, el informante debe recibir informaci\u00f3n clara sobre su acceso y funcionamiento. El Sistema Interno de Informaci\u00f3n de CRITERIA ser\u00e1 de conocimiento y acceso p\u00fablico a trav\u00e9s de la p\u00e1gina web www.criteria.es, concretamente, accesible a trav\u00e9s de un formulario online.<\/li>\n<\/ul>\n<p>\u00a0<\/p>\n<ul>\n<li><strong>Objetividad e Imparcialidad.<\/strong>\u00a0Todas las comunicaciones de informaci\u00f3n recibidas a trav\u00e9s del Sistema Interno de Informaci\u00f3n de CRITERIA ser\u00e1n tratadas y gestionadas siguiendo los mismos criterios, en funci\u00f3n de lo establecido en el\u00a0<em>Procedimiento de gesti\u00f3n de las informaciones recibidas a trav\u00e9s del Sistema Interno de Informaci\u00f3n<\/em>. Las normas de gesti\u00f3n del Sistema Interno de Informaci\u00f3n se han regulado en un procedimiento, ello implica que todas las comunicaciones son tratadas por igual y gestionadas siguiendo los mismos criterios, con independencia de qui\u00e9n comunique, a qui\u00e9n afecte y las posibles implicaciones de la misma, por lo que ninguna comunicaci\u00f3n de informaci\u00f3n tendr\u00e1 un determinado privilegio sobre las dem\u00e1s. En aplicaci\u00f3n del principio de imparcialidad, cuando se revele que el informante es un determinado empleado, se informar\u00e1 al departamento de Recursos Humanos para que se asegure de que la persona no se ha visto afectada con ninguna consecuencia negativa. En caso de que se tomen acciones contra la persona trabajadora informante, podr\u00eda implicar la comisi\u00f3n de infracciones en materia laboral.\u00a0<\/li>\n<\/ul>\n<p><\/p>\t\t\t\t\t\t\t\t<\/div>\n\t\t\t\t<\/div>\n\t\t\t\t\t<\/div>\n\t\t<\/div>\n\t\t\t\t\t<\/div>\n\t\t<\/section>\n\t\t\t\t<section class=\"elementor-section elementor-top-section elementor-element elementor-element-571c4b8 elementor-section-boxed elementor-section-height-default elementor-section-height-default\" data-id=\"571c4b8\" data-element_type=\"section\" data-e-type=\"section\">\n\t\t\t\t\t\t<div class=\"elementor-container elementor-column-gap-default\">\n\t\t\t\t\t<div class=\"elementor-column elementor-col-100 elementor-top-column elementor-element elementor-element-b3c2f79\" data-id=\"b3c2f79\" data-element_type=\"column\" data-e-type=\"column\">\n\t\t\t<div class=\"elementor-widget-wrap elementor-element-populated\">\n\t\t\t\t\t\t<div class=\"elementor-element elementor-element-d7d607e elementor-widget elementor-widget-heading\" data-id=\"d7d607e\" data-element_type=\"widget\" data-e-type=\"widget\" data-widget_type=\"heading.default\">\n\t\t\t\t<div class=\"elementor-widget-container\">\n\t\t\t\t\t<h2 class=\"elementor-heading-title elementor-size-default\">Formulario<\/h2>\t\t\t\t<\/div>\n\t\t\t\t<\/div>\n\t\t\t\t\t<\/div>\n\t\t<\/div>\n\t\t\t\t\t<\/div>\n\t\t<\/section>\n\t\t\t\t<section class=\"elementor-section elementor-top-section elementor-element elementor-element-9b2add2 elementor-section-boxed elementor-section-height-default elementor-section-height-default\" data-id=\"9b2add2\" data-element_type=\"section\" data-e-type=\"section\">\n\t\t\t\t\t\t<div class=\"elementor-container elementor-column-gap-custom\">\n\t\t\t\t\t<div class=\"elementor-column elementor-col-100 elementor-top-column elementor-element elementor-element-47fddba\" data-id=\"47fddba\" data-element_type=\"column\" data-e-type=\"column\">\n\t\t\t<div class=\"elementor-widget-wrap elementor-element-populated\">\n\t\t\t\t\t\t<div class=\"elementor-element elementor-element-f63d74d elementor-button-align-stretch elementor-widget elementor-widget-form\" data-id=\"f63d74d\" data-element_type=\"widget\" data-e-type=\"widget\" data-settings=\"{&quot;step_next_label&quot;:&quot;Siguiente&quot;,&quot;step_previous_label&quot;:&quot;Anterior&quot;,&quot;button_width&quot;:&quot;100&quot;,&quot;step_type&quot;:&quot;number_text&quot;,&quot;step_icon_shape&quot;:&quot;circle&quot;}\" data-widget_type=\"form.default\">\n\t\t\t\t<div class=\"elementor-widget-container\">\n\t\t\t\t\t\t\t<form class=\"elementor-form\" method=\"post\" name=\"Formulario sistema de informaciones\" aria-label=\"Formulario sistema de informaciones\">\n\t\t\t<input type=\"hidden\" name=\"post_id\" value=\"8251\"\/>\n\t\t\t<input type=\"hidden\" name=\"form_id\" value=\"f63d74d\"\/>\n\t\t\t<input type=\"hidden\" name=\"referer_title\" value=\"\" \/>\n\n\t\t\t\n\t\t\t<div class=\"elementor-form-fields-wrapper elementor-labels-above\">\n\t\t\t\t\t\t\t\t<div class=\"elementor-field-type-text elementor-field-group elementor-column elementor-field-group-name elementor-col-100\">\n\t\t\t\t\t\t\t\t\t\t\t\t<label for=\"form-field-name\" class=\"elementor-field-label\">\n\t\t\t\t\t\t\t\tNombre\t\t\t\t\t\t\t<\/label>\n\t\t\t\t\t\t\t\t\t\t\t\t\t\t<input size=\"1\" type=\"text\" name=\"form_fields[name]\" id=\"form-field-name\" class=\"elementor-field elementor-size-md  elementor-field-textual\" placeholder=\"Nombre\">\n\t\t\t\t\t\t\t\t\t\t\t<\/div>\n\t\t\t\t\t\t\t\t<div class=\"elementor-field-type-text elementor-field-group elementor-column elementor-field-group-field_6a61a40 elementor-col-100\">\n\t\t\t\t\t\t\t\t\t\t\t\t<label for=\"form-field-field_6a61a40\" class=\"elementor-field-label\">\n\t\t\t\t\t\t\t\tApellido\t\t\t\t\t\t\t<\/label>\n\t\t\t\t\t\t\t\t\t\t\t\t\t\t<input size=\"1\" type=\"text\" name=\"form_fields[field_6a61a40]\" id=\"form-field-field_6a61a40\" class=\"elementor-field elementor-size-md  elementor-field-textual\" placeholder=\"Apellido\">\n\t\t\t\t\t\t\t\t\t\t\t<\/div>\n\t\t\t\t\t\t\t\t<div class=\"elementor-field-type-email elementor-field-group elementor-column elementor-field-group-email elementor-col-100 elementor-field-required\">\n\t\t\t\t\t\t\t\t\t\t\t\t<label for=\"form-field-email\" class=\"elementor-field-label\">\n\t\t\t\t\t\t\t\tCorreo electr\u00f3nico\t\t\t\t\t\t\t<\/label>\n\t\t\t\t\t\t\t\t\t\t\t\t\t\t<input size=\"1\" type=\"email\" name=\"form_fields[email]\" id=\"form-field-email\" class=\"elementor-field elementor-size-md  elementor-field-textual\" placeholder=\"Correo electr\u00f3nico\" required=\"required\">\n\t\t\t\t\t\t\t\t\t\t\t<\/div>\n\t\t\t\t\t\t\t\t<div class=\"elementor-field-type-textarea elementor-field-group elementor-column elementor-field-group-message elementor-col-100\">\n\t\t\t\t\t\t\t\t\t\t\t\t<label for=\"form-field-message\" class=\"elementor-field-label\">\n\t\t\t\t\t\t\t\tMensaje\t\t\t\t\t\t\t<\/label>\n\t\t\t\t\t\t<textarea class=\"elementor-field-textual elementor-field  elementor-size-md\" name=\"form_fields[message]\" id=\"form-field-message\" rows=\"4\" placeholder=\"Mensaje\"><\/textarea>\t\t\t\t<\/div>\n\t\t\t\t\t\t\t\t<div class=\"elementor-field-group elementor-column elementor-field-type-submit elementor-col-100 e-form__buttons\">\n\t\t\t\t\t<button class=\"elementor-button elementor-size-sm\" type=\"submit\">\n\t\t\t\t\t\t<span class=\"elementor-button-content-wrapper\">\n\t\t\t\t\t\t\t\t\t\t\t\t\t\t\t\t\t\t\t\t\t\t<span class=\"elementor-button-text\">Enviar<\/span>\n\t\t\t\t\t\t\t\t\t\t\t\t\t<\/span>\n\t\t\t\t\t<\/button>\n\t\t\t\t<\/div>\n\t\t\t<\/div>\n\t\t<\/form>\n\t\t\t\t\t\t<\/div>\n\t\t\t\t<\/div>\n\t\t\t\t\t<\/div>\n\t\t<\/div>\n\t\t\t\t\t<\/div>\n\t\t<\/section>\n\t\t\t\t<\/div>\n\t\t","protected":false},"excerpt":{"rendered":"<p>Sistema de informaciones Principios generales del sistema interno de informaci\u00f3n y defensa del informante. El funcionamiento y la gesti\u00f3n del Sistema Interno de Informaci\u00f3n de CRITERIA se rige por los siguientes principios generales: Confidencialidad:\u00a0Se permite la comunicaci\u00f3n an\u00f3nima de informaci\u00f3n a trav\u00e9s del Sistema Interno de Informaci\u00f3n. Adem\u00e1s, resulta indispensable garantizar la confidencialidad del informante en lo relativo a su identidad y el contenido de las comunicaciones que realice. No resulta obligatorio que para la gesti\u00f3n del Sistema Interno de Informaci\u00f3n las comunicaciones sean an\u00f3nimas, sin embargo, la norma permite el anonimato, ya que es la mejor garant\u00eda para la defensa y protecci\u00f3n del informante. Por lo que si el informante opta por su anonimato, nunca podr\u00e1 revelarse su identidad. El dato de la identidad del informante nunca ser\u00e1 objeto del derecho de acceso a datos personales y se limita la posibilidad de comunicaci\u00f3n de dicha identidad s\u00f3lo a la autoridad judicial, el Ministerio Fiscal o la autoridad administrativa competente exigiendo que en todo caso se impida el acceso por terceros a la misma. Aunque el que el informante decida libremente no ocultar su identidad, el informe de resoluci\u00f3n de la investigaci\u00f3n llevada a cabo con motivo de una comunicaci\u00f3n de informaci\u00f3n, nunca har\u00e1 referencia a la identidad del informante ni de las partes implicadas, en aras a garantizar la debida confidencialidad. \u00a0 Respeto y Buena fe. Las comunicaciones que se realicen a trav\u00e9s del Sistema Interno de Informaci\u00f3n se realizar\u00e1n en base al respeto y a la buena fe. El informante que lleve a cabo una comunicaci\u00f3n de informaci\u00f3n realizar\u00e1 tal comunicaci\u00f3n siempre que tenga una verdadera sospecha de que la informaci\u00f3n facilitada es veraz, completa y precisa, con independencia de que tras el proceso de investigaci\u00f3n, se verifique que la informaci\u00f3n facilitada no resulta constitutiva de infracci\u00f3n.La buena fe es la expresi\u00f3n de que el comportamiento del informante es c\u00edvico y que, por ende, no comunica informaci\u00f3n falsa o tergiversada de manera il\u00edcita. \u00a0 Transparencia y accesibilidad.\u00a0El Sistema Interno de Informaci\u00f3n debe ser f\u00e1cilmente accesible para los empleados de CRITERIA y para aquellos terceros que mantengan o hayan mantenido alg\u00fan tipo de relaci\u00f3n con CRITERIA, adem\u00e1s, el informante debe recibir informaci\u00f3n clara sobre su acceso y funcionamiento. El Sistema Interno de Informaci\u00f3n de CRITERIA ser\u00e1 de conocimiento y acceso p\u00fablico a trav\u00e9s de la p\u00e1gina web www.criteria.es, concretamente, accesible a trav\u00e9s de un formulario online. \u00a0 Objetividad e Imparcialidad.\u00a0Todas las comunicaciones de informaci\u00f3n recibidas a trav\u00e9s del Sistema Interno de Informaci\u00f3n de CRITERIA ser\u00e1n tratadas y gestionadas siguiendo los mismos criterios, en funci\u00f3n de lo establecido en el\u00a0Procedimiento de gesti\u00f3n de las informaciones recibidas a trav\u00e9s del Sistema Interno de Informaci\u00f3n. Las normas de gesti\u00f3n del Sistema Interno de Informaci\u00f3n se han regulado en un procedimiento, ello implica que todas las comunicaciones son tratadas por igual y gestionadas siguiendo los mismos criterios, con independencia de qui\u00e9n comunique, a qui\u00e9n afecte y las posibles implicaciones de la misma, por lo que ninguna comunicaci\u00f3n de informaci\u00f3n tendr\u00e1 un determinado privilegio sobre las dem\u00e1s. En aplicaci\u00f3n del principio de imparcialidad, cuando se revele que el informante es un determinado empleado, se informar\u00e1 al departamento de Recursos Humanos para que se asegure de que la persona no se ha visto afectada con ninguna consecuencia negativa. En caso de que se tomen acciones contra la persona trabajadora informante, podr\u00eda implicar la comisi\u00f3n de infracciones en materia laboral.\u00a0 Formulario<\/p>","protected":false},"author":15,"featured_media":0,"parent":0,"menu_order":8,"comment_status":"closed","ping_status":"closed","template":"elementor_header_footer","meta":{"_acf_changed":false,"footnotes":""},"class_list":["post-8251","page","type-page","status-publish","hentry"],"acf":[],"jetpack_likes_enabled":true,"jetpack_sharing_enabled":true,"_links":{"self":[{"href":"https:\/\/girosformacion.com\/ca\/wp-json\/wp\/v2\/pages\/8251","targetHints":{"allow":["GET"]}}],"collection":[{"href":"https:\/\/girosformacion.com\/ca\/wp-json\/wp\/v2\/pages"}],"about":[{"href":"https:\/\/girosformacion.com\/ca\/wp-json\/wp\/v2\/types\/page"}],"author":[{"embeddable":true,"href":"https:\/\/girosformacion.com\/ca\/wp-json\/wp\/v2\/users\/15"}],"replies":[{"embeddable":true,"href":"https:\/\/girosformacion.com\/ca\/wp-json\/wp\/v2\/comments?post=8251"}],"version-history":[{"count":21,"href":"https:\/\/girosformacion.com\/ca\/wp-json\/wp\/v2\/pages\/8251\/revisions"}],"predecessor-version":[{"id":8277,"href":"https:\/\/girosformacion.com\/ca\/wp-json\/wp\/v2\/pages\/8251\/revisions\/8277"}],"wp:attachment":[{"href":"https:\/\/girosformacion.com\/ca\/wp-json\/wp\/v2\/media?parent=8251"}],"curies":[{"name":"wp","href":"https:\/\/api.w.org\/{rel}","templated":true}]}}