{"id":6986,"date":"2023-03-10T21:32:01","date_gmt":"2023-03-10T20:32:01","guid":{"rendered":"https:\/\/girosformacion.com\/?page_id=6986"},"modified":"2023-03-10T21:33:17","modified_gmt":"2023-03-10T20:33:17","slug":"politica-de-privacitat","status":"publish","type":"page","link":"https:\/\/girosformacion.com\/ca\/politica-de-privacitat\/","title":{"rendered":"Pol\u00edtica de Privacitat"},"content":{"rendered":"<div data-elementor-type=\"wp-page\" data-elementor-id=\"6986\" class=\"elementor elementor-6986\" data-elementor-post-type=\"page\">\n\t\t\t\t\t\t<section class=\"elementor-section elementor-top-section elementor-element elementor-element-1a13940e elementor-section-boxed elementor-section-height-default elementor-section-height-default wpr-equal-height-no\" data-id=\"1a13940e\" data-element_type=\"section\" data-e-type=\"section\" data-settings=\"{&quot;background_background&quot;:&quot;classic&quot;}\">\n\t\t\t\t\t\t<div class=\"elementor-container elementor-column-gap-default\">\n\t\t\t\t\t<div class=\"elementor-column elementor-col-100 elementor-top-column elementor-element elementor-element-3ef4f575\" data-id=\"3ef4f575\" data-element_type=\"column\" data-e-type=\"column\">\n\t\t\t<div class=\"elementor-widget-wrap elementor-element-populated\">\n\t\t\t\t\t\t<div class=\"elementor-element elementor-element-349caab elementor-widget elementor-widget-heading\" data-id=\"349caab\" data-element_type=\"widget\" data-e-type=\"widget\" data-widget_type=\"heading.default\">\n\t\t\t\t<div class=\"elementor-widget-container\">\n\t\t\t\t\t<h2 class=\"elementor-heading-title elementor-size-default\">Pol\u00edtica de Privacitat<\/h2>\t\t\t\t<\/div>\n\t\t\t\t<\/div>\n\t\t\t\t<div class=\"elementor-element elementor-element-63a788cd elementor-widget elementor-widget-text-editor\" data-id=\"63a788cd\" data-element_type=\"widget\" data-e-type=\"widget\" data-widget_type=\"text-editor.default\">\n\t\t\t\t<div class=\"elementor-widget-container\">\n\t\t\t\t\t\t\t\t\t<p><\/p><h5 class=\"wp-block-heading\">El Responsable del tractament de les dades recaptades per mitj\u00e0 d&#039;aquest lloc web \u00e9s:<\/h5><p>Criteria Recursos Humans, SL (d&#039;ara endavant, \u201cCriteria\u201d), amb domicili al C\/Tuset, n\u00famero 19, 2a planta, 08006 \u2013 Barcelona (Espanya), i correu electr\u00f2nic de contacte info@criteria.es.<\/p><h5>Les dades personals facilitades a Criteria s&#039;utilitzaran per a:<\/h5><ol><li>Atendre les sol\u00b7licituds dinformaci\u00f3 i\/o consultes efectuades per lUsuari. Les dades tractades amb aquesta finalitat es conservaran durant els terminis de conservaci\u00f3 i de prescripci\u00f3 de responsabilitats legalment previstos.<\/li><li>Mantenir informat a l&#039;Usuari, fins i tot per mitjans electr\u00f2nics, sobre els productes, serveis i novetats de Criteria. Les dades tractades amb aquesta finalitat es conservaran fins al moment en qu\u00e8 l&#039;Usuari retiri el seu consentiment. Si l&#039;Usuari consenteix el tractament de les seves dades amb aquesta finalitat, haur\u00e0 de marcar la casella habilitada a aquest efecte al lloc web.<\/li><li>En cas de l&#039;enviament del curr\u00edculum mitjan\u00e7ant aquest lloc web les dades facilitades per l&#039;Usuari es tractaran per atendre la seva sol\u00b7licitud d&#039;ocupaci\u00f3 i, si escau, permetre-li optar a un lloc de treball a Criteria. Les dades tractades amb aquesta finalitat es conservaran fins que l&#039;Usuari revoqui el seu consentiment o fins passats 24 mesos des de la recepci\u00f3.<\/li><\/ol><p>\u00a0<\/p><p>La base jur\u00eddica del tractament de dades personals \u00e9s: a) quan lusuari sigui una persona f\u00edsica, el consentiment i\/o lexecuci\u00f3 del contracte quan linteressat sigui part daquest, ib) quan lusuari representa una persona jur\u00eddica, el consentiment i\/o, en relaci\u00f3 amb les dades de les persones de contacte, linter\u00e8s leg\u00edtim. En aquest darrer cas, lusuari es compromet a informar les persones de contacte del contingut daquesta cl\u00e0usula.<\/p><p>Els dades podran comunicar-se als seg\u00fcents destinataris tercers: Administracions p\u00fabliques per al compliment d&#039;obligacions legals. A m\u00e9s podran comunicar-se a les seg\u00fcents categories d&#039;encarregats: Prove\u00efdors de comunicacions electr\u00f2niques i ofim\u00e0tiques en l\u00ednia, hosting, serveis SaaS com CRM\/ERP, gestoria, comptabilitat, auditoria i advocats. Criteria podr\u00e0 transferir les dades de car\u00e0cter personal als Encarregats situats als Estats Units d&#039;Am\u00e8rica adherits al Privacy Shield, que compta amb una decisi\u00f3 d&#039;adequaci\u00f3 de la Comissi\u00f3 Europea (Decisi\u00f3 d&#039;execuci\u00f3 (UE) 2016\/1250 de la Comissi\u00f3).<\/p><p>L&#039;interessat podr\u00e0 exercir en qualsevol moment els drets d&#039;acc\u00e9s, rectificaci\u00f3, supressi\u00f3, limitaci\u00f3, oposici\u00f3 o portabilitat mitjan\u00e7ant correu electr\u00f2nic dirigit a <a href=\"mailto:info@criteria.es\">info@criteria.es<\/a> o b\u00e9 mitjan\u00e7ant escrit dirigit a Criteria, C\/Tuset, n\u00famero 19, 2a planta, 08006 \u2013 Barcelona (Espanya). Als tractaments la legitimaci\u00f3 dels quals es basa en el consentiment, l&#039;Usuari t\u00e9 el dret a retirar aquest consentiment en qualsevol moment. L&#039;interessat tindr\u00e0 dret a presentar reclamaci\u00f3 davant de l&#039;autoritat de control.<\/p><p><\/p>\t\t\t\t\t\t\t\t<\/div>\n\t\t\t\t<\/div>\n\t\t\t\t\t<\/div>\n\t\t<\/div>\n\t\t\t\t\t<\/div>\n\t\t<\/section>\n\t\t\t\t<\/div>","protected":false},"excerpt":{"rendered":"<p>El Responsable del tractament de les dades recaptades per mitj\u00e0 d&#039;aquest lloc web \u00e9s: Criteria Recursos Humans, SL (d&#039;ara endavant, \u201cCriteria\u201d), amb domicili al C\/Tuset, n\u00famero 19, 2a planta, 08006 \u2013 Barcelona (Espanya), i correu electr\u00f2nic de contacte info@criteria.es. Les dades personals facilitades a Criteria s&#039;utilitzaran per: Atendre les sol\u00b7licituds d&#039;informaci\u00f3 i\/o consultes efectuades per l&#039;Usuari. Les dades tractades amb aquesta finalitat es conservaran durant els terminis de conservaci\u00f3 i de prescripci\u00f3 de responsabilitats legalment previstos. Mantenir informat a l&#039;Usuari, fins i tot per mitjans electr\u00f2nics, sobre els productes, serveis i novetats de Criteria. Les dades tractades amb aquesta finalitat es conservaran fins al moment en qu\u00e8 l&#039;Usuari retiri el seu consentiment. Si l&#039;Usuari consenteix el tractament de les seves dades amb aquesta finalitat, haur\u00e0 de marcar la casella habilitada a aquest efecte al lloc web. En cas de l&#039;enviament del curr\u00edculum mitjan\u00e7ant aquest lloc web les dades facilitades per l&#039;Usuari es tractaran per atendre la seva sol\u00b7licitud d&#039;ocupaci\u00f3 i, si escau, permetre-li optar a un lloc de treball a Criteria. Les dades tractades amb aquesta finalitat es conservaran fins que l&#039;Usuari revoqui el seu consentiment o fins passats 24 mesos des de la recepci\u00f3.  La base jur\u00eddica del tractament de dades personals \u00e9s: a) quan lusuari sigui una persona f\u00edsica, el consentiment i\/o lexecuci\u00f3 del contracte quan linteressat sigui part daquest, ib) quan lusuari representa una persona jur\u00eddica, el consentiment i\/o, en relaci\u00f3 amb les dades de les persones de contacte, linter\u00e8s leg\u00edtim. En aquest darrer cas, lusuari es compromet a informar les persones de contacte del contingut daquesta cl\u00e0usula. Els dades podran comunicar-se als seg\u00fcents destinataris tercers: Administracions p\u00fabliques per al compliment d&#039;obligacions legals. A m\u00e9s podran comunicar-se a les seg\u00fcents categories d&#039;encarregats: Prove\u00efdors de comunicacions electr\u00f2niques i ofim\u00e0tiques en l\u00ednia, hosting, serveis SaaS com CRM\/ERP, gestoria, comptabilitat, auditoria i advocats. Criteria podr\u00e0 transferir les dades de car\u00e0cter personal als Encarregats situats als Estats Units d&#039;Am\u00e8rica adherits al Privacy Shield, que compta amb una decisi\u00f3 d&#039;adequaci\u00f3 de la Comissi\u00f3 Europea (Decisi\u00f3 d&#039;execuci\u00f3 (UE) 2016\/1250 de la Comissi\u00f3). L&#039;interessat podr\u00e0 exercir en qualsevol moment els drets d&#039;acc\u00e9s, rectificaci\u00f3, supressi\u00f3, limitaci\u00f3, oposici\u00f3 o portabilitat mitjan\u00e7ant correu electr\u00f2nic dirigit a info@criteria.es o b\u00e9 mitjan\u00e7ant escrit dirigit a Criteria, C\/Tuset, n\u00famero 19, 2a planta, 08006 \u2013 Barcelona (Espanya). Als tractaments la legitimaci\u00f3 dels quals es basa en el consentiment, l&#039;Usuari t\u00e9 el dret a retirar aquest consentiment en qualsevol moment. L&#039;interessat tindr\u00e0 dret a presentar reclamaci\u00f3 davant de l&#039;autoritat de control.<\/p>","protected":false},"author":15,"featured_media":0,"parent":0,"menu_order":8,"comment_status":"closed","ping_status":"closed","template":"elementor_header_footer","meta":{"_acf_changed":false,"footnotes":""},"class_list":["post-6986","page","type-page","status-publish","hentry"],"acf":[],"jetpack_likes_enabled":true,"jetpack_sharing_enabled":true,"_links":{"self":[{"href":"https:\/\/girosformacion.com\/ca\/wp-json\/wp\/v2\/pages\/6986","targetHints":{"allow":["GET"]}}],"collection":[{"href":"https:\/\/girosformacion.com\/ca\/wp-json\/wp\/v2\/pages"}],"about":[{"href":"https:\/\/girosformacion.com\/ca\/wp-json\/wp\/v2\/types\/page"}],"author":[{"embeddable":true,"href":"https:\/\/girosformacion.com\/ca\/wp-json\/wp\/v2\/users\/15"}],"replies":[{"embeddable":true,"href":"https:\/\/girosformacion.com\/ca\/wp-json\/wp\/v2\/comments?post=6986"}],"version-history":[{"count":4,"href":"https:\/\/girosformacion.com\/ca\/wp-json\/wp\/v2\/pages\/6986\/revisions"}],"predecessor-version":[{"id":6990,"href":"https:\/\/girosformacion.com\/ca\/wp-json\/wp\/v2\/pages\/6986\/revisions\/6990"}],"wp:attachment":[{"href":"https:\/\/girosformacion.com\/ca\/wp-json\/wp\/v2\/media?parent=6986"}],"curies":[{"name":"wp","href":"https:\/\/api.w.org\/{rel}","templated":true}]}}