{"id":6937,"date":"2023-03-10T21:04:31","date_gmt":"2023-03-10T20:04:31","guid":{"rendered":"https:\/\/girosformacion.com\/?page_id=6937"},"modified":"2023-03-10T21:05:53","modified_gmt":"2023-03-10T20:05:53","slug":"bolsa-de-treball","status":"publish","type":"page","link":"https:\/\/girosformacion.com\/ca\/borsa-de-treball\/","title":{"rendered":"Borsa de Treball"},"content":{"rendered":"<div data-elementor-type=\"wp-page\" data-elementor-id=\"6937\" class=\"elementor elementor-6937\" data-elementor-post-type=\"page\">\n\t\t\t\t\t\t<section class=\"elementor-section elementor-top-section elementor-element elementor-element-51a2432 elementor-reverse-mobile elementor-section-boxed elementor-section-height-default elementor-section-height-default wpr-equal-height-no\" data-id=\"51a2432\" data-element_type=\"section\" data-e-type=\"section\" data-settings=\"{&quot;background_background&quot;:&quot;classic&quot;}\">\n\t\t\t\t\t\t<div class=\"elementor-container elementor-column-gap-default\">\n\t\t\t\t\t<div class=\"elementor-column elementor-col-50 elementor-top-column elementor-element elementor-element-1c7fd99\" data-id=\"1c7fd99\" data-element_type=\"column\" data-e-type=\"column\">\n\t\t\t<div class=\"elementor-widget-wrap elementor-element-populated\">\n\t\t\t\t\t\t<div class=\"elementor-element elementor-element-e4885b2 elementor-widget elementor-widget-spacer\" data-id=\"e4885b2\" data-element_type=\"widget\" data-e-type=\"widget\" data-widget_type=\"spacer.default\">\n\t\t\t\t<div class=\"elementor-widget-container\">\n\t\t\t\t\t\t\t<div class=\"elementor-spacer\">\n\t\t\t<div class=\"elementor-spacer-inner\"><\/div>\n\t\t<\/div>\n\t\t\t\t\t\t<\/div>\n\t\t\t\t<\/div>\n\t\t\t\t\t<\/div>\n\t\t<\/div>\n\t\t\t\t<div class=\"elementor-column elementor-col-50 elementor-top-column elementor-element elementor-element-ec1971d\" data-id=\"ec1971d\" data-element_type=\"column\" data-e-type=\"column\" data-settings=\"{&quot;background_background&quot;:&quot;classic&quot;}\">\n\t\t\t<div class=\"elementor-widget-wrap elementor-element-populated\">\n\t\t\t\t\t\t<div class=\"elementor-element elementor-element-d8e5f41 elementor-widget elementor-widget-heading\" data-id=\"d8e5f41\" data-element_type=\"widget\" data-e-type=\"widget\" data-widget_type=\"heading.default\">\n\t\t\t\t<div class=\"elementor-widget-container\">\n\t\t\t\t\t<h1 class=\"elementor-heading-title elementor-size-default\">Comen\u00e7a el canvi<\/h1>\t\t\t\t<\/div>\n\t\t\t\t<\/div>\n\t\t\t\t<div class=\"elementor-element elementor-element-f9b7475 elementor-widget elementor-widget-heading\" data-id=\"f9b7475\" data-element_type=\"widget\" data-e-type=\"widget\" data-widget_type=\"heading.default\">\n\t\t\t\t<div class=\"elementor-widget-container\">\n\t\t\t\t\t<h4 class=\"elementor-heading-title elementor-size-default\">Giros by Criteria forma part del grup Criteria, una consultora de RH amb m\u00e9s de 20 anys de traject\u00f2ria. <\/h4>\t\t\t\t<\/div>\n\t\t\t\t<\/div>\n\t\t\t\t<div class=\"elementor-element elementor-element-794e5e4 elementor-widget elementor-widget-heading\" data-id=\"794e5e4\" data-element_type=\"widget\" data-e-type=\"widget\" data-widget_type=\"heading.default\">\n\t\t\t\t<div class=\"elementor-widget-container\">\n\t\t\t\t\t<h5 class=\"elementor-heading-title elementor-size-default\">A Criteria treballem m\u00e0 a m\u00e0 amb les empreses acompanyant-los a treure tot el seu potencial i convertir-se en millors empreses: m\u00e9s sanes, m\u00e9s justes i amb el millor talent.<\/h5>\t\t\t\t<\/div>\n\t\t\t\t<\/div>\n\t\t\t\t\t<\/div>\n\t\t<\/div>\n\t\t\t\t\t<\/div>\n\t\t<\/section>\n\t\t\t\t<section class=\"elementor-section elementor-top-section elementor-element elementor-element-1114390 elementor-section-content-middle elementor-section-boxed elementor-section-height-default elementor-section-height-default wpr-equal-height-no\" data-id=\"1114390\" data-element_type=\"section\" data-e-type=\"section\" data-settings=\"{&quot;background_background&quot;:&quot;classic&quot;}\">\n\t\t\t\t\t\t<div class=\"elementor-container elementor-column-gap-wide\">\n\t\t\t\t\t<div class=\"elementor-column elementor-col-50 elementor-top-column elementor-element elementor-element-9d0c28a\" data-id=\"9d0c28a\" data-element_type=\"column\" data-e-type=\"column\">\n\t\t\t<div class=\"elementor-widget-wrap elementor-element-populated\">\n\t\t\t\t\t\t<div class=\"elementor-element elementor-element-0d70a8a elementor-widget elementor-widget-text-editor\" data-id=\"0d70a8a\" data-element_type=\"widget\" data-e-type=\"widget\" data-widget_type=\"text-editor.default\">\n\t\t\t\t<div class=\"elementor-widget-container\">\n\t\t\t\t\t\t\t\t\t<h5>En finalitzar la teva formaci\u00f3 amb Giros, podr\u00e0s accedir a la bolsa de treball de Criteria, t&#039;acompanyarem en el teu proc\u00e9s de cerca o millora del projecte professional, oferint-te oportunitats laborals que encaixin amb el teu perfil i expectatives.<\/h5>\t\t\t\t\t\t\t\t<\/div>\n\t\t\t\t<\/div>\n\t\t\t\t\t<\/div>\n\t\t<\/div>\n\t\t\t\t<div class=\"elementor-column elementor-col-50 elementor-top-column elementor-element elementor-element-0302296\" data-id=\"0302296\" data-element_type=\"column\" data-e-type=\"column\">\n\t\t\t<div class=\"elementor-widget-wrap elementor-element-populated\">\n\t\t\t\t\t\t<div class=\"elementor-element elementor-element-68b35c4 elementor-widget-divider--view-line elementor-widget elementor-widget-divider\" data-id=\"68b35c4\" data-element_type=\"widget\" data-e-type=\"widget\" data-widget_type=\"divider.default\">\n\t\t\t\t<div class=\"elementor-widget-container\">\n\t\t\t\t\t\t\t<div class=\"elementor-divider\">\n\t\t\t<span class=\"elementor-divider-separator\">\n\t\t\t\t\t\t<\/span>\n\t\t<\/div>\n\t\t\t\t\t\t<\/div>\n\t\t\t\t<\/div>\n\t\t\t\t<div class=\"elementor-element elementor-element-0ca9cb0 elementor-widget elementor-widget-heading\" data-id=\"0ca9cb0\" data-element_type=\"widget\" data-e-type=\"widget\" data-widget_type=\"heading.default\">\n\t\t\t\t<div class=\"elementor-widget-container\">\n\t\t\t\t\t<h3 class=\"elementor-heading-title elementor-size-default\">Fes-nos arribar el teu CV i ens posarem en contacte amb tu si comptem amb una oferta que encaixi amb el teu perfil. Comen\u00e7a el canvi!<\/h3>\t\t\t\t<\/div>\n\t\t\t\t<\/div>\n\t\t\t\t<div class=\"elementor-element elementor-element-771fff5 wpr-button-icon-style-inline wpr-button-icon-position-right elementor-widget elementor-widget-wpr-button\" data-id=\"771fff5\" data-element_type=\"widget\" data-e-type=\"widget\" data-widget_type=\"wpr-button.default\">\n\t\t\t\t<div class=\"elementor-widget-container\">\n\t\t\t\t\t\t\n\t\t\t\n\t\t\n\t\t<div class=\"wpr-button-wrap elementor-clearfix\">\n\t\t<a class=\"wpr-button wpr-button-effect wpr-button-aylen\" data-text=\"\" href=\"#link\">\n\t\t\t\n\t\t\t<span class=\"wpr-button-content\">\n\t\t\t\t\t\t\t\t\t<span class=\"wpr-button-text\">ENVIAR CV<\/span>\n\t\t\t\t\t\t\t\t\n\t\t\t\t\t\t\t\t\t<span class=\"wpr-button-icon\"><svg xmlns=\"http:\/\/www.w3.org\/2000\/svg\" width=\"44\" height=\"44\" viewbox=\"0 0 44 44\" fill=\"none\"><path fill-rule=\"evenodd\" clip-rule=\"evenodd\" d=\"M22 42C33.0457 42 42 33.0457 42 22C42 10.9543 33.0457 2 22 2C10.9543 2 2 10.9543 2 22C2 33.0457 10.9543 42 22 42ZM22 44C34.1503 44 44 34.1503 44 22C44 9.84974 34.1503 0 22 0C9.84974 0 0 9.84974 0 22C0 34.1503 9.84974 44 22 44Z\" fill=\"white\"><\/path><path fill-rule=\"evenodd\" clip-rule=\"evenodd\" d=\"M23.8436 18.7419H18.4514V16.7419H27.2578V25.5484H25.2578V20.1562L17.0294 28.3845L15.6152 26.9703L23.8436 18.7419Z\" fill=\"white\"><\/path><\/svg><\/span>\n\t\t\t\t\t\t\t<\/span>\n\t\t<\/a>\n\n\t\t\t\t<\/div>\n\t\n\t\n\t\t\t\t\t<\/div>\n\t\t\t\t<\/div>\n\t\t\t\t\t<\/div>\n\t\t<\/div>\n\t\t\t\t\t<\/div>\n\t\t<\/section>\n\t\t\t\t<section class=\"elementor-section elementor-top-section elementor-element elementor-element-7308db6 elementor-section-boxed elementor-section-height-default elementor-section-height-default wpr-equal-height-no\" data-id=\"7308db6\" data-element_type=\"section\" data-e-type=\"section\" data-settings=\"{&quot;background_background&quot;:&quot;classic&quot;}\">\n\t\t\t\t\t\t<div class=\"elementor-container elementor-column-gap-default\">\n\t\t\t\t\t<div class=\"elementor-column elementor-col-100 elementor-top-column elementor-element elementor-element-b259467\" data-id=\"b259467\" data-element_type=\"column\" data-e-type=\"column\" data-settings=\"{&quot;background_background&quot;:&quot;gradient&quot;}\">\n\t\t\t<div class=\"elementor-widget-wrap elementor-element-populated\">\n\t\t\t\t\t\t<section class=\"elementor-section elementor-inner-section elementor-element elementor-element-b117f6e elementor-section-content-middle elementor-section-boxed elementor-section-height-default elementor-section-height-default wpr-equal-height-no\" data-id=\"b117f6e\" data-element_type=\"section\" data-e-type=\"section\" data-settings=\"{&quot;background_background&quot;:&quot;classic&quot;}\">\n\t\t\t\t\t\t<div class=\"elementor-container elementor-column-gap-default\">\n\t\t\t\t\t<div class=\"elementor-column elementor-col-33 elementor-inner-column elementor-element elementor-element-8bc89eb\" data-id=\"8bc89eb\" data-element_type=\"column\" data-e-type=\"column\">\n\t\t\t<div class=\"elementor-widget-wrap elementor-element-populated\">\n\t\t\t\t\t\t<div class=\"elementor-element elementor-element-c1aad90 elementor-widget elementor-widget-image\" data-id=\"c1aad90\" data-element_type=\"widget\" data-e-type=\"widget\" data-widget_type=\"image.default\">\n\t\t\t\t<div class=\"elementor-widget-container\">\n\t\t\t\t\t\t\t\t\t\t\t\t\t\t\t<img decoding=\"async\" width=\"200\" height=\"205\" src=\"https:\/\/i0.wp.com\/girosformacion.com\/wp-content\/uploads\/2023\/02\/vect-empresa-bolsa-e1708348648291.png?fit=200%2C205&amp;ssl=1\" class=\"attachment-full size-full wp-image-629\" alt=\"\" \/>\t\t\t\t\t\t\t\t\t\t\t\t\t\t\t<\/div>\n\t\t\t\t<\/div>\n\t\t\t\t\t<\/div>\n\t\t<\/div>\n\t\t\t\t<div class=\"elementor-column elementor-col-33 elementor-inner-column elementor-element elementor-element-556f86a\" data-id=\"556f86a\" data-element_type=\"column\" data-e-type=\"column\">\n\t\t\t<div class=\"elementor-widget-wrap elementor-element-populated\">\n\t\t\t\t\t\t<div class=\"elementor-element elementor-element-6931971 elementor-widget elementor-widget-heading\" data-id=\"6931971\" data-element_type=\"widget\" data-e-type=\"widget\" data-widget_type=\"heading.default\">\n\t\t\t\t<div class=\"elementor-widget-container\">\n\t\t\t\t\t<h1 class=\"elementor-heading-title elementor-size-default\">Ets una empresa?<\/h1>\t\t\t\t<\/div>\n\t\t\t\t<\/div>\n\t\t\t\t<div class=\"elementor-element elementor-element-d17cbc4 elementor-widget elementor-widget-heading\" data-id=\"d17cbc4\" data-element_type=\"widget\" data-e-type=\"widget\" data-widget_type=\"heading.default\">\n\t\t\t\t<div class=\"elementor-widget-container\">\n\t\t\t\t\t<h6 class=\"elementor-heading-title elementor-size-default\">Explica&#039;ns qu\u00e8 necessites. El nostre equip t&#039;acompanya a prop del millor talent.<\/h6>\t\t\t\t<\/div>\n\t\t\t\t<\/div>\n\t\t\t\t\t<\/div>\n\t\t<\/div>\n\t\t\t\t<div class=\"elementor-column elementor-col-33 elementor-inner-column elementor-element elementor-element-9272df2\" data-id=\"9272df2\" data-element_type=\"column\" data-e-type=\"column\">\n\t\t\t<div class=\"elementor-widget-wrap elementor-element-populated\">\n\t\t\t\t\t\t<div class=\"elementor-element elementor-element-7e670b7 wpr-button-icon-style-inline wpr-button-icon-position-right elementor-widget elementor-widget-wpr-button\" data-id=\"7e670b7\" data-element_type=\"widget\" data-e-type=\"widget\" data-widget_type=\"wpr-button.default\">\n\t\t\t\t<div class=\"elementor-widget-container\">\n\t\t\t\t\t\t\n\t\t\t\n\t\t\n\t\t<div class=\"wpr-button-wrap elementor-clearfix\">\n\t\t<a class=\"wpr-button wpr-button-effect wpr-button-aylen\" data-text=\"\" href=\"#link\">\n\t\t\t\n\t\t\t<span class=\"wpr-button-content\">\n\t\t\t\t\t\t\t\t\t<span class=\"wpr-button-text\">Contacta\u2019ns<\/span>\n\t\t\t\t\t\t\t\t\n\t\t\t\t\t\t\t\t\t<span class=\"wpr-button-icon\"><svg xmlns=\"http:\/\/www.w3.org\/2000\/svg\" width=\"47\" height=\"47\" viewbox=\"0 0 47 47\" fill=\"none\"><path fill-rule=\"evenodd\" clip-rule=\"evenodd\" d=\"M23.4896 44.9792C35.358 44.9792 44.9792 35.358 44.9792 23.4896C44.9792 11.6212 35.358 2 23.4896 2C11.6212 2 2 11.6212 2 23.4896C2 35.358 11.6212 44.9792 23.4896 44.9792ZM23.4896 46.9792C36.4625 46.9792 46.9792 36.4625 46.9792 23.4896C46.9792 10.5166 36.4625 0 23.4896 0C10.5166 0 0 10.5166 0 23.4896C0 36.4625 10.5166 46.9792 23.4896 46.9792Z\" fill=\"white\"><\/path><path fill-rule=\"evenodd\" clip-rule=\"evenodd\" d=\"M26.5437 23.227L18.3135 15.454L19.6867 14L29.4565 23.227L19.6867 32.454L18.3135 31L26.5437 23.227Z\" fill=\"white\"><\/path><\/svg><\/span>\n\t\t\t\t\t\t\t<\/span>\n\t\t<\/a>\n\n\t\t\t\t<\/div>\n\t\n\t\n\t\t\t\t\t<\/div>\n\t\t\t\t<\/div>\n\t\t\t\t\t<\/div>\n\t\t<\/div>\n\t\t\t\t\t<\/div>\n\t\t<\/section>\n\t\t\t\t\t<\/div>\n\t\t<\/div>\n\t\t\t\t\t<\/div>\n\t\t<\/section>\n\t\t\t\t<\/div>","protected":false},"excerpt":{"rendered":"<p>Comen\u00e7a el canvi Giros\u00a0by\u00a0Criteria\u00a0forma part del grup\u00a0Criteria, una consultora de RH amb m\u00e9s de 20 anys de traject\u00f2ria. A\u00a0Criteria\u00a0treballem m\u00e0 a m\u00e0 amb les empreses acompanyant-les a treure tot el seu potencial i convertir-se en millors empreses: m\u00e9s sanes, m\u00e9s justes i amb el millor talent. Al finalitzar la teva formaci\u00f3 amb Giros, podr\u00e0s accedir a la borsa de treball de\u00a0Criteria, t&#8217;acompanyarem en el teu proc\u00e9s de cerca o millora de projecte professional, oferint-te oportunitats laborals que encaixin amb el teu perfil i expectatives. Fes-nos arribar el teu CV i ens posarem en contacte amb tu si comptem amb una oferta que encaixi amb el teu perfil. Comen\u00e7a el canvi! ENVIAR CV Ets una empresa? Explica&#8217;ns qu\u00e8 necessites. El nostre equip t&#8217;acompanya en la cerca del millor talent. Contacta\u2019ns<\/p>","protected":false},"author":15,"featured_media":0,"parent":0,"menu_order":4,"comment_status":"closed","ping_status":"closed","template":"elementor_header_footer","meta":{"_acf_changed":false,"footnotes":""},"class_list":["post-6937","page","type-page","status-publish","hentry"],"acf":[],"jetpack_likes_enabled":true,"jetpack_sharing_enabled":true,"_links":{"self":[{"href":"https:\/\/girosformacion.com\/ca\/wp-json\/wp\/v2\/pages\/6937","targetHints":{"allow":["GET"]}}],"collection":[{"href":"https:\/\/girosformacion.com\/ca\/wp-json\/wp\/v2\/pages"}],"about":[{"href":"https:\/\/girosformacion.com\/ca\/wp-json\/wp\/v2\/types\/page"}],"author":[{"embeddable":true,"href":"https:\/\/girosformacion.com\/ca\/wp-json\/wp\/v2\/users\/15"}],"replies":[{"embeddable":true,"href":"https:\/\/girosformacion.com\/ca\/wp-json\/wp\/v2\/comments?post=6937"}],"version-history":[{"count":4,"href":"https:\/\/girosformacion.com\/ca\/wp-json\/wp\/v2\/pages\/6937\/revisions"}],"predecessor-version":[{"id":6941,"href":"https:\/\/girosformacion.com\/ca\/wp-json\/wp\/v2\/pages\/6937\/revisions\/6941"}],"wp:attachment":[{"href":"https:\/\/girosformacion.com\/ca\/wp-json\/wp\/v2\/media?parent=6937"}],"curies":[{"name":"wp","href":"https:\/\/api.w.org\/{rel}","templated":true}]}}