{"id":368,"date":"2023-02-13T16:36:53","date_gmt":"2023-02-13T16:36:53","guid":{"rendered":"https:\/\/girosformacion.com\/?page_id=368"},"modified":"2023-11-30T13:51:06","modified_gmt":"2023-11-30T12:51:06","slug":"preguntes-frequents","status":"publish","type":"page","link":"https:\/\/girosformacion.com\/ca\/preguntas-frecuentes\/","title":{"rendered":"Preguntes freq\u00fcents"},"content":{"rendered":"<div data-elementor-type=\"wp-page\" data-elementor-id=\"368\" class=\"elementor elementor-368\" data-elementor-post-type=\"page\">\n\t\t\t\t\t\t<section class=\"elementor-section elementor-top-section elementor-element elementor-element-03a5719 elementor-reverse-mobile elementor-section-boxed elementor-section-height-default elementor-section-height-default\" data-id=\"03a5719\" data-element_type=\"section\" data-e-type=\"section\" data-settings=\"{&quot;background_background&quot;:&quot;classic&quot;}\">\n\t\t\t\t\t\t<div class=\"elementor-container elementor-column-gap-default\">\n\t\t\t\t\t<div class=\"elementor-column elementor-col-100 elementor-top-column elementor-element elementor-element-a32d174\" data-id=\"a32d174\" data-element_type=\"column\" data-e-type=\"column\" data-settings=\"{&quot;background_background&quot;:&quot;classic&quot;}\">\n\t\t\t<div class=\"elementor-widget-wrap elementor-element-populated\">\n\t\t\t\t\t\t<div class=\"elementor-element elementor-element-1477e17 elementor-widget elementor-widget-heading\" data-id=\"1477e17\" data-element_type=\"widget\" data-e-type=\"widget\" data-widget_type=\"heading.default\">\n\t\t\t\t<div class=\"elementor-widget-container\">\n\t\t\t\t\t<h1 class=\"elementor-heading-title elementor-size-default\">Preguntes freq\u00fcents<\/h1>\t\t\t\t<\/div>\n\t\t\t\t<\/div>\n\t\t\t\t<div class=\"elementor-element elementor-element-812c1ec elementor-widget elementor-widget-toggle\" data-id=\"812c1ec\" data-element_type=\"widget\" data-e-type=\"widget\" data-widget_type=\"toggle.default\">\n\t\t\t\t<div class=\"elementor-widget-container\">\n\t\t\t\t\t\t\t<div class=\"elementor-toggle\">\n\t\t\t\t\t\t\t<div class=\"elementor-toggle-item\">\n\t\t\t\t\t<h5 id=\"elementor-tab-title-1351\" class=\"elementor-tab-title\" data-tab=\"1\" role=\"button\" aria-controls=\"elementor-tab-content-1351\" aria-expanded=\"false\">\n\t\t\t\t\t\t\t\t\t\t\t\t<span class=\"elementor-toggle-icon elementor-toggle-icon-right\" aria-hidden=\"true\">\n\t\t\t\t\t\t\t\t\t\t\t\t\t\t\t<span class=\"elementor-toggle-icon-closed\"><svg xmlns=\"http:\/\/www.w3.org\/2000\/svg\" width=\"19\" height=\"12\" viewbox=\"0 0 19 12\" fill=\"none\"><path fill-rule=\"evenodd\" clip-rule=\"evenodd\" d=\"M9.50004 8.5437L17.273 0.313476L18.7271 1.68672L9.50004 11.4565L0.273025 1.68672L1.72705 0.313476L9.50004 8.5437Z\" fill=\"#2E1D5A\"><\/path><\/svg><\/span>\n\t\t\t\t\t\t\t\t<span class=\"elementor-toggle-icon-opened\"><svg xmlns=\"http:\/\/www.w3.org\/2000\/svg\" width=\"19\" height=\"12\" viewbox=\"0 0 19 12\" fill=\"none\"><path fill-rule=\"evenodd\" clip-rule=\"evenodd\" d=\"M9.49996 3.4563L1.72698 11.6865L0.272949 10.3133L9.49996 0.543497L18.727 10.3133L17.2729 11.6865L9.49996 3.4563Z\" fill=\"#2E1D5A\"><\/path><\/svg><\/span>\n\t\t\t\t\t\t\t\t\t\t\t\t\t<\/span>\n\t\t\t\t\t\t\t\t\t\t\t\t<a class=\"elementor-toggle-title\" tabindex=\"0\">Qu\u00e8 \u00e9s un Certificat de Professionalitat?<\/a>\n\t\t\t\t\t<\/h5>\n\n\t\t\t\t\t<div id=\"elementor-tab-content-1351\" class=\"elementor-tab-content elementor-clearfix\" data-tab=\"1\" role=\"region\" aria-labelledby=\"elementor-tab-title-1351\"><p>Els certificats de professionalitat s\u00f3n acreditacions oficials que acrediten les compet\u00e8ncies professionals i garanteixen que la persona que els obt\u00e9 t\u00e9 els coneixements, les habilitats i les aptituds per desenvolupar una activitat laboral, dacord amb les exig\u00e8ncies del mercat de treball.<\/p><p>\u00a0<\/p><p>Tots els certificats de professionalitat inclouen un m\u00f2dul de formaci\u00f3 pr\u00e0ctica a centres de treball. La superaci\u00f3 d\u201faquest m\u00f2dul de pr\u00e0ctiques \u00e9s imprescindible per obtenir el certificat de professionalitat, si b\u00e9 hi ha l\u201fopci\u00f3 d\u201fobtenir l\u201fexempci\u00f3 d\u201faquest m\u00f2dul.<\/p><\/div>\n\t\t\t\t<\/div>\n\t\t\t\t\t\t\t<div class=\"elementor-toggle-item\">\n\t\t\t\t\t<h5 id=\"elementor-tab-title-1352\" class=\"elementor-tab-title\" data-tab=\"2\" role=\"button\" aria-controls=\"elementor-tab-content-1352\" aria-expanded=\"false\">\n\t\t\t\t\t\t\t\t\t\t\t\t<span class=\"elementor-toggle-icon elementor-toggle-icon-right\" aria-hidden=\"true\">\n\t\t\t\t\t\t\t\t\t\t\t\t\t\t\t<span class=\"elementor-toggle-icon-closed\"><svg xmlns=\"http:\/\/www.w3.org\/2000\/svg\" width=\"19\" height=\"12\" viewbox=\"0 0 19 12\" fill=\"none\"><path fill-rule=\"evenodd\" clip-rule=\"evenodd\" d=\"M9.50004 8.5437L17.273 0.313476L18.7271 1.68672L9.50004 11.4565L0.273025 1.68672L1.72705 0.313476L9.50004 8.5437Z\" fill=\"#2E1D5A\"><\/path><\/svg><\/span>\n\t\t\t\t\t\t\t\t<span class=\"elementor-toggle-icon-opened\"><svg xmlns=\"http:\/\/www.w3.org\/2000\/svg\" width=\"19\" height=\"12\" viewbox=\"0 0 19 12\" fill=\"none\"><path fill-rule=\"evenodd\" clip-rule=\"evenodd\" d=\"M9.49996 3.4563L1.72698 11.6865L0.272949 10.3133L9.49996 0.543497L18.727 10.3133L17.2729 11.6865L9.49996 3.4563Z\" fill=\"#2E1D5A\"><\/path><\/svg><\/span>\n\t\t\t\t\t\t\t\t\t\t\t\t\t<\/span>\n\t\t\t\t\t\t\t\t\t\t\t\t<a class=\"elementor-toggle-title\" tabindex=\"0\">On s\u00f3n v\u00e0lids els Certificats de Professionalitat?<\/a>\n\t\t\t\t\t<\/h5>\n\n\t\t\t\t\t<div id=\"elementor-tab-content-1352\" class=\"elementor-tab-content elementor-clearfix\" data-tab=\"2\" role=\"region\" aria-labelledby=\"elementor-tab-title-1352\"><p>Els certificats de professionalitat s\u00f3n v\u00e0lids a tot el territori espanyol i, a m\u00e9s, la normativa europea permet el reconeixement de les qualificacions professionals acreditades a la Uni\u00f3 Europea, de manera que faciliten la mobilitat geogr\u00e0fica.<\/p><\/div>\n\t\t\t\t<\/div>\n\t\t\t\t\t\t\t\t<\/div>\n\t\t\t\t\t\t<\/div>\n\t\t\t\t<\/div>\n\t\t\t\t\t<\/div>\n\t\t<\/div>\n\t\t\t\t\t<\/div>\n\t\t<\/section>\n\t\t\t\t<section class=\"elementor-section elementor-top-section elementor-element elementor-element-6cbd4fe elementor-section-boxed elementor-section-height-default elementor-section-height-default\" data-id=\"6cbd4fe\" data-element_type=\"section\" data-e-type=\"section\" data-settings=\"{&quot;background_background&quot;:&quot;classic&quot;}\">\n\t\t\t\t\t\t<div class=\"elementor-container elementor-column-gap-default\">\n\t\t\t\t\t<div class=\"elementor-column elementor-col-100 elementor-top-column elementor-element elementor-element-cfd34a9\" data-id=\"cfd34a9\" data-element_type=\"column\" data-e-type=\"column\" data-settings=\"{&quot;background_background&quot;:&quot;gradient&quot;}\">\n\t\t\t<div class=\"elementor-widget-wrap elementor-element-populated\">\n\t\t\t\t\t\t<div class=\"elementor-element elementor-element-956735f elementor-widget elementor-widget-heading\" data-id=\"956735f\" data-element_type=\"widget\" data-e-type=\"widget\" data-widget_type=\"heading.default\">\n\t\t\t\t<div class=\"elementor-widget-container\">\n\t\t\t\t\t<h1 class=\"elementor-heading-title elementor-size-default\">T&#039;orientem en tot el proc\u00e9s<\/h1>\t\t\t\t<\/div>\n\t\t\t\t<\/div>\n\t\t\t\t<section class=\"elementor-section elementor-inner-section elementor-element elementor-element-20a3b70 elementor-section-content-middle elementor-section-boxed elementor-section-height-default elementor-section-height-default\" data-id=\"20a3b70\" data-element_type=\"section\" data-e-type=\"section\" data-settings=\"{&quot;background_background&quot;:&quot;classic&quot;}\">\n\t\t\t\t\t\t<div class=\"elementor-container elementor-column-gap-default\">\n\t\t\t\t\t<div class=\"elementor-column elementor-col-33 elementor-inner-column elementor-element elementor-element-b5029eb\" data-id=\"b5029eb\" data-element_type=\"column\" data-e-type=\"column\">\n\t\t\t<div class=\"elementor-widget-wrap elementor-element-populated\">\n\t\t\t\t\t\t<div class=\"elementor-element elementor-element-31000d4 elementor-widget elementor-widget-image\" data-id=\"31000d4\" data-element_type=\"widget\" data-e-type=\"widget\" data-widget_type=\"image.default\">\n\t\t\t\t<div class=\"elementor-widget-container\">\n\t\t\t\t\t\t\t\t\t\t\t\t\t\t\t<img decoding=\"async\" width=\"200\" height=\"205\" src=\"https:\/\/i0.wp.com\/girosformacion.com\/wp-content\/uploads\/2023\/02\/vect-empresa-bolsa-e1708348648291.png?fit=200%2C205&amp;ssl=1\" class=\"attachment-full size-full wp-image-629\" alt=\"\" \/>\t\t\t\t\t\t\t\t\t\t\t\t\t\t\t<\/div>\n\t\t\t\t<\/div>\n\t\t\t\t\t<\/div>\n\t\t<\/div>\n\t\t\t\t<div class=\"elementor-column elementor-col-33 elementor-inner-column elementor-element elementor-element-d49d97b\" data-id=\"d49d97b\" data-element_type=\"column\" data-e-type=\"column\">\n\t\t\t<div class=\"elementor-widget-wrap elementor-element-populated\">\n\t\t\t\t\t\t<div class=\"elementor-element elementor-element-84db198 elementor-widget elementor-widget-heading\" data-id=\"84db198\" data-element_type=\"widget\" data-e-type=\"widget\" data-widget_type=\"heading.default\">\n\t\t\t\t<div class=\"elementor-widget-container\">\n\t\t\t\t\t<h6 class=\"elementor-heading-title elementor-size-default\">Parla amb un dels nostres orientadors pedag\u00f2gics<\/h6>\t\t\t\t<\/div>\n\t\t\t\t<\/div>\n\t\t\t\t\t<\/div>\n\t\t<\/div>\n\t\t\t\t<div class=\"elementor-column elementor-col-33 elementor-inner-column elementor-element elementor-element-a175fd6\" data-id=\"a175fd6\" data-element_type=\"column\" data-e-type=\"column\">\n\t\t\t<div class=\"elementor-widget-wrap elementor-element-populated\">\n\t\t\t\t\t\t<div class=\"elementor-element elementor-element-180ece7 wpr-button-icon-style-inline wpr-button-icon-position-right elementor-widget elementor-widget-wpr-button\" data-id=\"180ece7\" data-element_type=\"widget\" data-e-type=\"widget\" data-widget_type=\"wpr-button.default\">\n\t\t\t\t<div class=\"elementor-widget-container\">\n\t\t\t\t\t\t\n\t\t\t\n\t\t\n\t\t<div class=\"wpr-button-wrap elementor-clearfix\">\n\t\t<a class=\"wpr-button wpr-button-effect wpr-button-aylen\" data-text=\"\" href=\"https:\/\/girosformacion.com\/ca\/contacta-amb-nosaltres\/\" target=\"_blank\">\n\t\t\t\n\t\t\t<span class=\"wpr-button-content\">\n\t\t\t\t\t\t\t\t\t<span class=\"wpr-button-text\">CONT\u00c1CTANOS<\/span>\n\t\t\t\t\t\t\t\t\n\t\t\t\t\t\t\t\t\t<span class=\"wpr-button-icon\"><svg xmlns=\"http:\/\/www.w3.org\/2000\/svg\" width=\"47\" height=\"47\" viewbox=\"0 0 47 47\" fill=\"none\"><path fill-rule=\"evenodd\" clip-rule=\"evenodd\" d=\"M23.4896 44.9792C35.358 44.9792 44.9792 35.358 44.9792 23.4896C44.9792 11.6212 35.358 2 23.4896 2C11.6212 2 2 11.6212 2 23.4896C2 35.358 11.6212 44.9792 23.4896 44.9792ZM23.4896 46.9792C36.4625 46.9792 46.9792 36.4625 46.9792 23.4896C46.9792 10.5166 36.4625 0 23.4896 0C10.5166 0 0 10.5166 0 23.4896C0 36.4625 10.5166 46.9792 23.4896 46.9792Z\" fill=\"white\"><\/path><path fill-rule=\"evenodd\" clip-rule=\"evenodd\" d=\"M26.5437 23.227L18.3135 15.454L19.6867 14L29.4565 23.227L19.6867 32.454L18.3135 31L26.5437 23.227Z\" fill=\"white\"><\/path><\/svg><\/span>\n\t\t\t\t\t\t\t<\/span>\n\t\t<\/a>\n\n\t\t\t\t<\/div>\n\t\n\t\n\t\t\t\t\t<\/div>\n\t\t\t\t<\/div>\n\t\t\t\t\t<\/div>\n\t\t<\/div>\n\t\t\t\t\t<\/div>\n\t\t<\/section>\n\t\t\t\t\t<\/div>\n\t\t<\/div>\n\t\t\t\t\t<\/div>\n\t\t<\/section>\n\t\t\t\t<\/div>","protected":false},"excerpt":{"rendered":"<p>Preguntas frecuentes \u00bfQu\u00e9 es un Certificado de Profesionalidad? Los certificados de profesionalidad son acreditaciones oficiales que acreditan las competencias profesionales y garantizan que la persona que los obtiene tiene los conocimientos, las habilidades y las aptitudes para desarrollar una actividad laboral, de acuerdo con las exigencias del mercado de trabajo. \u00a0 Todos los certificados de profesionalidad incluyen un m\u00f3dulo de formaci\u00f3n pr\u00e1ctica en centros de trabajo. La superaci\u00f3n de este m\u00f3dulo de pr\u00e1cticas es imprescindible para obtener el certificado de profesionalidad, si bien hay la opci\u00f3n de obtener la exenci\u00f3n de este m\u00f3dulo. \u00bfD\u00f3nde son v\u00e1lidos los Certificados de Profesionalidad? Los certificados de profesionalidad son v\u00e1lidos en todo el territorio espa\u00f1ol y, adem\u00e1s, la normativa europea permite el reconocimiento de las cualificaciones profesionales acreditadas en la Uni\u00f3n Europea, de forma que facilitan la movilidad geogr\u00e1fica. Te orientamos en todo el proceso Habla con uno de nuestros orientadores pedag\u00f3gicos CONT\u00c1CTANOS<\/p>","protected":false},"author":15,"featured_media":0,"parent":0,"menu_order":7,"comment_status":"closed","ping_status":"closed","template":"elementor_header_footer","meta":{"_acf_changed":false,"footnotes":""},"class_list":["post-368","page","type-page","status-publish","hentry"],"acf":[],"jetpack_likes_enabled":true,"jetpack_sharing_enabled":true,"_links":{"self":[{"href":"https:\/\/girosformacion.com\/ca\/wp-json\/wp\/v2\/pages\/368","targetHints":{"allow":["GET"]}}],"collection":[{"href":"https:\/\/girosformacion.com\/ca\/wp-json\/wp\/v2\/pages"}],"about":[{"href":"https:\/\/girosformacion.com\/ca\/wp-json\/wp\/v2\/types\/page"}],"author":[{"embeddable":true,"href":"https:\/\/girosformacion.com\/ca\/wp-json\/wp\/v2\/users\/15"}],"replies":[{"embeddable":true,"href":"https:\/\/girosformacion.com\/ca\/wp-json\/wp\/v2\/comments?post=368"}],"version-history":[{"count":52,"href":"https:\/\/girosformacion.com\/ca\/wp-json\/wp\/v2\/pages\/368\/revisions"}],"predecessor-version":[{"id":8242,"href":"https:\/\/girosformacion.com\/ca\/wp-json\/wp\/v2\/pages\/368\/revisions\/8242"}],"wp:attachment":[{"href":"https:\/\/girosformacion.com\/ca\/wp-json\/wp\/v2\/media?parent=368"}],"curies":[{"name":"wp","href":"https:\/\/api.w.org\/{rel}","templated":true}]}}