{"id":366,"date":"2023-02-13T16:36:37","date_gmt":"2023-02-13T16:36:37","guid":{"rendered":"https:\/\/girosformacion.com\/?page_id=366"},"modified":"2024-02-06T09:45:40","modified_gmt":"2024-02-06T08:45:40","slug":"cursos-subvencionats-2","status":"publish","type":"page","link":"https:\/\/girosformacion.com\/ca\/cursos-subvencionados\/","title":{"rendered":"Cursos subvencionats"},"content":{"rendered":"<style>\/*! elementor - v3.11.3 - 07-03-2023 *\/\n.elementor-heading-title{padding:0;margin:0;line-height:1}.elementor-widget-heading .elementor-heading-title[class*=elementor-size-]>a{color:inherit;font-size:inherit;line-height:inherit}.elementor-widget-heading .elementor-heading-title.elementor-size-small{font-size:15px}.elementor-widget-heading .elementor-heading-title.elementor-size-medium{font-size:19px}.elementor-widget-heading .elementor-heading-title.elementor-size-large{font-size:29px}.elementor-widget-heading .elementor-heading-title.elementor-size-xl{font-size:39px}.elementor-widget-heading .elementor-heading-title.elementor-size-xxl{font-size:59px}<\/style>\n<h2>Cursos subvencionados<\/h2>\n<h4>\u00bfqu\u00e9 son? \u00bfPor qu\u00e9 no tienen ning\u00fan coste?<\/h4>\n<h5>La formaci\u00f3n subvencionada es un tipo de formaci\u00f3n proporcionada por entidades p\u00fablicas u organizaciones empresariales y sindicales que est\u00e1 financiada con fondos p\u00fablicos, lo que permite al alumnado cursar programas formativos sin tener que realizar ning\u00fan desembolso de dinero.<br \/>\n<\/h5>\n<p>En Giros by Criteria, la formaci\u00f3n subvencionada que impartimos est\u00e1 dentro del marco de la Ley 30\/2015 de iniciativas del sistema de Formaci\u00f3n Profesional para la Ocupaci\u00f3n del \u00e1mbito laboral.<\/p>\n<h5>Nuestra oferta est\u00e1 constituida por:<\/h5>\n<link rel=\"stylesheet\" href=\"https:\/\/girosformacion.com\/wp-content\/plugins\/elementor\/assets\/css\/widget-icon-box.min.css\">\n<h3>\n\t\t\t\t\t\tOferta formativa para las personas <b> trabajadoras ocupadas.<\/b><br \/>\n\t\t\t\t<\/h3>\n<h3>\n\t\t\t\t\t\tOtras iniciativas de <b> formaci\u00f3n profesional para la ocupaci\u00f3n.<\/b><br \/>\n\t\t\t\t<\/h3>\n<h3>\n\t\t\t\t\t\tOferta formativa para personas trabajadoras en <b>situaci\u00f3n de desempleo.<\/b><br \/>\n\t\t\t\t<\/h3>\n<h1>Nuestras escuelas<\/h1>\n<h5>Acompa\u00f1amos a profesionales en diferentes \u00e1reas de inter\u00e9s con una amplia propuesta de formaciones. <\/h5>\n<p>Todo el contenido de los cursos, son dise\u00f1ados por un equipo pedag\u00f3gico experto y metodolog\u00eda de aprendizaje avalada por el Ministerio de Educaci\u00f3n y Formaci\u00f3n Profesional.<\/p>\n<p>\t\t\t<a href=\"#\" role=\"button\"><br \/>\n\t\t\t\t\t\tVER TODOS LOS CURSOS<br \/>\n\t\t\t\t\t<\/a><\/p>\n<h6>Explora nuestros cursos<\/h6>\n<style>\/*! elementor - v3.11.3 - 07-03-2023 *\/\n.elementor-widget-divider{--divider-border-style:none;--divider-border-width:1px;--divider-color:#2c2c2c;--divider-icon-size:20px;--divider-element-spacing:10px;--divider-pattern-height:24px;--divider-pattern-size:20px;--divider-pattern-url:none;--divider-pattern-repeat:repeat-x}.elementor-widget-divider .elementor-divider{display:flex}.elementor-widget-divider .elementor-divider__text{font-size:15px;line-height:1;max-width:95%}.elementor-widget-divider .elementor-divider__element{margin:0 var(--divider-element-spacing);flex-shrink:0}.elementor-widget-divider .elementor-icon{font-size:var(--divider-icon-size)}.elementor-widget-divider .elementor-divider-separator{display:flex;margin:0;direction:ltr}.elementor-widget-divider--view-line_icon .elementor-divider-separator,.elementor-widget-divider--view-line_text .elementor-divider-separator{align-items:center}.elementor-widget-divider--view-line_icon .elementor-divider-separator:after,.elementor-widget-divider--view-line_icon .elementor-divider-separator:before,.elementor-widget-divider--view-line_text .elementor-divider-separator:after,.elementor-widget-divider--view-line_text .elementor-divider-separator:before{display:block;content:\"\";border-bottom:0;flex-grow:1;border-top:var(--divider-border-width) var(--divider-border-style) var(--divider-color)}.elementor-widget-divider--element-align-left .elementor-divider .elementor-divider-separator>.elementor-divider__svg:first-of-type{flex-grow:0;flex-shrink:100}.elementor-widget-divider--element-align-left .elementor-divider-separator:before{content:none}.elementor-widget-divider--element-align-left .elementor-divider__element{margin-left:0}.elementor-widget-divider--element-align-right .elementor-divider .elementor-divider-separator>.elementor-divider__svg:last-of-type{flex-grow:0;flex-shrink:100}.elementor-widget-divider--element-align-right .elementor-divider-separator:after{content:none}.elementor-widget-divider--element-align-right .elementor-divider__element{margin-right:0}.elementor-widget-divider:not(.elementor-widget-divider--view-line_text):not(.elementor-widget-divider--view-line_icon) .elementor-divider-separator{border-top:var(--divider-border-width) var(--divider-border-style) var(--divider-color)}.elementor-widget-divider--separator-type-pattern{--divider-border-style:none}.elementor-widget-divider--separator-type-pattern.elementor-widget-divider--view-line .elementor-divider-separator,.elementor-widget-divider--separator-type-pattern:not(.elementor-widget-divider--view-line) .elementor-divider-separator:after,.elementor-widget-divider--separator-type-pattern:not(.elementor-widget-divider--view-line) .elementor-divider-separator:before,.elementor-widget-divider--separator-type-pattern:not([class*=elementor-widget-divider--view]) .elementor-divider-separator{width:100%;min-height:var(--divider-pattern-height);-webkit-mask-size:var(--divider-pattern-size) 100%;mask-size:var(--divider-pattern-size) 100%;-webkit-mask-repeat:var(--divider-pattern-repeat);mask-repeat:var(--divider-pattern-repeat);background-color:var(--divider-color);-webkit-mask-image:var(--divider-pattern-url);mask-image:var(--divider-pattern-url)}.elementor-widget-divider--no-spacing{--divider-pattern-size:auto}.elementor-widget-divider--bg-round{--divider-pattern-repeat:round}.rtl .elementor-widget-divider .elementor-divider__text{direction:rtl}.e-con-inner>.elementor-widget-divider,.e-con>.elementor-widget-divider{width:var(--container-widget-width,100%);--flex-grow:var(--container-widget-flex-grow)}<\/style>\n<h6>Selecciona una escuela<\/h6>\n<p>\t<label ><br \/>\n\t\t<input\n\t\t\ttype=\"checkbox\"\n\t\t\tclass=\"jet-checkboxes-list__input\"\n\t\t\tname=\"jetpack-portfolio-type\"\n\t\t\tvalue=\"30\"\n\t\t\tdata-label=\"Administraci\u00f3n y gesti\u00f3n de empresas\"\n\t\t\t\t\t><br \/>\n\t\t\t\t\t\tAdministraci\u00f3n y gesti\u00f3n de empresas<br \/>\n\t<\/label><br \/>\n\t<label ><br \/>\n\t\t<input\n\t\t\ttype=\"checkbox\"\n\t\t\tclass=\"jet-checkboxes-list__input\"\n\t\t\tname=\"jetpack-portfolio-type\"\n\t\t\tvalue=\"35\"\n\t\t\tdata-label=\"Aplicaciones inform\u00e1ticas\"\n\t\t\t\t\t><br \/>\n\t\t\t\t\t\tAplicaciones inform\u00e1ticas<br \/>\n\t<\/label><br \/>\n\t<label ><br \/>\n\t\t<input\n\t\t\ttype=\"checkbox\"\n\t\t\tclass=\"jet-checkboxes-list__input\"\n\t\t\tname=\"jetpack-portfolio-type\"\n\t\t\tvalue=\"29\"\n\t\t\tdata-label=\"Hosteler\u00eda y turismo\"\n\t\t\t\t\t><br \/>\n\t\t\t\t\t\tHosteler\u00eda y turismo<br \/>\n\t<\/label><br \/>\n\t<label ><br \/>\n\t\t<input\n\t\t\ttype=\"checkbox\"\n\t\t\tclass=\"jet-checkboxes-list__input\"\n\t\t\tname=\"jetpack-portfolio-type\"\n\t\t\tvalue=\"26\"\n\t\t\tdata-label=\"Idiomas\"\n\t\t\t\t\t><br \/>\n\t\t\t\t\t\tIdiomas<br \/>\n\t<\/label><br \/>\n\t<label ><br \/>\n\t\t<input\n\t\t\ttype=\"checkbox\"\n\t\t\tclass=\"jet-checkboxes-list__input\"\n\t\t\tname=\"jetpack-portfolio-type\"\n\t\t\tvalue=\"31\"\n\t\t\tdata-label=\"Liderazgo y habilidades de gesti\u00f3n\"\n\t\t\t\t\t><br \/>\n\t\t\t\t\t\tLiderazgo y habilidades de gesti\u00f3n<br \/>\n\t<\/label><br \/>\n\t<label ><br \/>\n\t\t<input\n\t\t\ttype=\"checkbox\"\n\t\t\tclass=\"jet-checkboxes-list__input\"\n\t\t\tname=\"jetpack-portfolio-type\"\n\t\t\tvalue=\"32\"\n\t\t\tdata-label=\"Log\u00edstica, transporte y construcci\u00f3n\"\n\t\t\t\t\t><br \/>\n\t\t\t\t\t\tLog\u00edstica, transporte y construcci\u00f3n<br \/>\n\t<\/label><br \/>\n\t<label ><br \/>\n\t\t<input\n\t\t\ttype=\"checkbox\"\n\t\t\tclass=\"jet-checkboxes-list__input\"\n\t\t\tname=\"jetpack-portfolio-type\"\n\t\t\tvalue=\"25\"\n\t\t\tdata-label=\"Marketing digital y dise\u00f1o web\"\n\t\t\t\t\t><br \/>\n\t\t\t\t\t\tMarketing digital y dise\u00f1o web<br \/>\n\t<\/label><br \/>\n\t<label ><br \/>\n\t\t<input\n\t\t\ttype=\"checkbox\"\n\t\t\tclass=\"jet-checkboxes-list__input\"\n\t\t\tname=\"jetpack-portfolio-type\"\n\t\t\tvalue=\"27\"\n\t\t\tdata-label=\"Sanidad y servicios a las personas\"\n\t\t\t\t\t><br \/>\n\t\t\t\t\t\tSanidad y servicios a las personas<br \/>\n\t<\/label><br \/>\n\t<label ><br \/>\n\t\t<input\n\t\t\ttype=\"checkbox\"\n\t\t\tclass=\"jet-checkboxes-list__input\"\n\t\t\tname=\"jetpack-portfolio-type\"\n\t\t\tvalue=\"24\"\n\t\t\tdata-label=\"Seguridad privada\"\n\t\t\t\t\t><br \/>\n\t\t\t\t\t\tSeguridad privada<br \/>\n\t<\/label><br \/>\n\t<label ><br \/>\n\t\t<input\n\t\t\ttype=\"checkbox\"\n\t\t\tclass=\"jet-checkboxes-list__input\"\n\t\t\tname=\"jetpack-portfolio-type\"\n\t\t\tvalue=\"34\"\n\t\t\tdata-label=\"Seguridad y salud laboral\"\n\t\t\t\t\t><br \/>\n\t\t\t\t\t\tSeguridad y salud laboral<br \/>\n\t<\/label><br \/>\n\t<label ><br \/>\n\t\t<input\n\t\t\ttype=\"checkbox\"\n\t\t\tclass=\"jet-checkboxes-list__input\"\n\t\t\tname=\"jetpack-portfolio-type\"\n\t\t\tvalue=\"28\"\n\t\t\tdata-label=\"Sostenibilidad, agricultura y alimentaci\u00f3n\"\n\t\t\t\t\t><br \/>\n\t\t\t\t\t\tSostenibilidad, agricultura y alimentaci\u00f3n<br \/>\n\t<\/label><br \/>\n\tSeleccionar<br \/>\n\t<label ><br \/>\n\t\t<input\n\t\t\ttype=\"checkbox\"\n\t\t\tclass=\"jet-checkboxes-list__input\"\n\t\t\tname=\"jetpack-portfolio-type\"\n\t\t\tvalue=\"30\"\n\t\t\tdata-label=\"Administraci\u00f3n y gesti\u00f3n de empresas\"\n\t\t\t\t\t><br \/>\n\t\t\t\t\t\tAdministraci\u00f3n y gesti\u00f3n de empresas<br \/>\n\t<\/label><br \/>\n\t<label ><br \/>\n\t\t<input\n\t\t\ttype=\"checkbox\"\n\t\t\tclass=\"jet-checkboxes-list__input\"\n\t\t\tname=\"jetpack-portfolio-type\"\n\t\t\tvalue=\"35\"\n\t\t\tdata-label=\"Aplicaciones inform\u00e1ticas\"\n\t\t\t\t\t><br \/>\n\t\t\t\t\t\tAplicaciones inform\u00e1ticas<br \/>\n\t<\/label><br \/>\n\t<label ><br \/>\n\t\t<input\n\t\t\ttype=\"checkbox\"\n\t\t\tclass=\"jet-checkboxes-list__input\"\n\t\t\tname=\"jetpack-portfolio-type\"\n\t\t\tvalue=\"29\"\n\t\t\tdata-label=\"Hosteler\u00eda y turismo\"\n\t\t\t\t\t><br \/>\n\t\t\t\t\t\tHosteler\u00eda y turismo<br \/>\n\t<\/label><br \/>\n\t<label ><br \/>\n\t\t<input\n\t\t\ttype=\"checkbox\"\n\t\t\tclass=\"jet-checkboxes-list__input\"\n\t\t\tname=\"jetpack-portfolio-type\"\n\t\t\tvalue=\"26\"\n\t\t\tdata-label=\"Idiomas\"\n\t\t\t\t\t><br \/>\n\t\t\t\t\t\tIdiomas<br \/>\n\t<\/label><br \/>\n\t<label ><br \/>\n\t\t<input\n\t\t\ttype=\"checkbox\"\n\t\t\tclass=\"jet-checkboxes-list__input\"\n\t\t\tname=\"jetpack-portfolio-type\"\n\t\t\tvalue=\"31\"\n\t\t\tdata-label=\"Liderazgo y habilidades de gesti\u00f3n\"\n\t\t\t\t\t><br \/>\n\t\t\t\t\t\tLiderazgo y habilidades de gesti\u00f3n<br \/>\n\t<\/label><br \/>\n\t<label ><br \/>\n\t\t<input\n\t\t\ttype=\"checkbox\"\n\t\t\tclass=\"jet-checkboxes-list__input\"\n\t\t\tname=\"jetpack-portfolio-type\"\n\t\t\tvalue=\"32\"\n\t\t\tdata-label=\"Log\u00edstica, transporte y construcci\u00f3n\"\n\t\t\t\t\t><br \/>\n\t\t\t\t\t\tLog\u00edstica, transporte y construcci\u00f3n<br \/>\n\t<\/label><br \/>\n\t<label ><br \/>\n\t\t<input\n\t\t\ttype=\"checkbox\"\n\t\t\tclass=\"jet-checkboxes-list__input\"\n\t\t\tname=\"jetpack-portfolio-type\"\n\t\t\tvalue=\"25\"\n\t\t\tdata-label=\"Marketing digital y dise\u00f1o web\"\n\t\t\t\t\t><br \/>\n\t\t\t\t\t\tMarketing digital y dise\u00f1o web<br \/>\n\t<\/label><br \/>\n\t<label ><br \/>\n\t\t<input\n\t\t\ttype=\"checkbox\"\n\t\t\tclass=\"jet-checkboxes-list__input\"\n\t\t\tname=\"jetpack-portfolio-type\"\n\t\t\tvalue=\"27\"\n\t\t\tdata-label=\"Sanidad y servicios a las personas\"\n\t\t\t\t\t><br \/>\n\t\t\t\t\t\tSanidad y servicios a las personas<br \/>\n\t<\/label><br \/>\n\t<label ><br \/>\n\t\t<input\n\t\t\ttype=\"checkbox\"\n\t\t\tclass=\"jet-checkboxes-list__input\"\n\t\t\tname=\"jetpack-portfolio-type\"\n\t\t\tvalue=\"24\"\n\t\t\tdata-label=\"Seguridad privada\"\n\t\t\t\t\t><br \/>\n\t\t\t\t\t\tSeguridad privada<br \/>\n\t<\/label><br \/>\n\t<label ><br \/>\n\t\t<input\n\t\t\ttype=\"checkbox\"\n\t\t\tclass=\"jet-checkboxes-list__input\"\n\t\t\tname=\"jetpack-portfolio-type\"\n\t\t\tvalue=\"34\"\n\t\t\tdata-label=\"Seguridad y salud laboral\"\n\t\t\t\t\t><br \/>\n\t\t\t\t\t\tSeguridad y salud laboral<br \/>\n\t<\/label><br \/>\n\t<label ><br \/>\n\t\t<input\n\t\t\ttype=\"checkbox\"\n\t\t\tclass=\"jet-checkboxes-list__input\"\n\t\t\tname=\"jetpack-portfolio-type\"\n\t\t\tvalue=\"28\"\n\t\t\tdata-label=\"Sostenibilidad, agricultura y alimentaci\u00f3n\"\n\t\t\t\t\t><br \/>\n\t\t\t\t\t\tSostenibilidad, agricultura y alimentaci\u00f3n<br \/>\n\t<\/label><\/p>\n<h6>Seleccione una ciudad<\/h6>\n<p>\t<label ><br \/>\n\t\t<input\n\t\t\ttype=\"checkbox\"\n\t\t\tclass=\"jet-checkboxes-list__input\"\n\t\t\tname=\"wp_theme\"\n\t\t\tvalue=\"Toda Espa\u00f1a\"\n\t\t\tdata-label=\"Toda Espa\u00f1a\"\n\t\t\t\t\t><br \/>\n\t\t\t\t\t\tToda Espa\u00f1a<br \/>\n\t<\/label><br \/>\n\t<label ><br \/>\n\t\t<input\n\t\t\ttype=\"checkbox\"\n\t\t\tclass=\"jet-checkboxes-list__input\"\n\t\t\tname=\"wp_theme\"\n\t\t\tvalue=\"Madrid\"\n\t\t\tdata-label=\"Madrid\"\n\t\t\t\t\t><br \/>\n\t\t\t\t\t\tMadrid<br \/>\n\t<\/label><br \/>\n\t<label ><br \/>\n\t\t<input\n\t\t\ttype=\"checkbox\"\n\t\t\tclass=\"jet-checkboxes-list__input\"\n\t\t\tname=\"wp_theme\"\n\t\t\tvalue=\"Barcelona\"\n\t\t\tdata-label=\"Barcelona\"\n\t\t\t\t\t><br \/>\n\t\t\t\t\t\tBarcelona<br \/>\n\t<\/label><br \/>\n\t<label ><br \/>\n\t\t<input\n\t\t\ttype=\"checkbox\"\n\t\t\tclass=\"jet-checkboxes-list__input\"\n\t\t\tname=\"wp_theme\"\n\t\t\tvalue=\"Lleida\"\n\t\t\tdata-label=\"Lleida\"\n\t\t\t\t\t><br \/>\n\t\t\t\t\t\tLleida<br \/>\n\t<\/label><br \/>\n\tSeleccionar<br \/>\n\t<label ><br \/>\n\t\t<input\n\t\t\ttype=\"checkbox\"\n\t\t\tclass=\"jet-checkboxes-list__input\"\n\t\t\tname=\"wp_theme\"\n\t\t\tvalue=\"Toda Espa\u00f1a\"\n\t\t\tdata-label=\"Toda Espa\u00f1a\"\n\t\t\t\t\t><br \/>\n\t\t\t\t\t\tToda Espa\u00f1a<br \/>\n\t<\/label><br \/>\n\t<label ><br \/>\n\t\t<input\n\t\t\ttype=\"checkbox\"\n\t\t\tclass=\"jet-checkboxes-list__input\"\n\t\t\tname=\"wp_theme\"\n\t\t\tvalue=\"Madrid\"\n\t\t\tdata-label=\"Madrid\"\n\t\t\t\t\t><br \/>\n\t\t\t\t\t\tMadrid<br \/>\n\t<\/label><br \/>\n\t<label ><br \/>\n\t\t<input\n\t\t\ttype=\"checkbox\"\n\t\t\tclass=\"jet-checkboxes-list__input\"\n\t\t\tname=\"wp_theme\"\n\t\t\tvalue=\"Barcelona\"\n\t\t\tdata-label=\"Barcelona\"\n\t\t\t\t\t><br \/>\n\t\t\t\t\t\tBarcelona<br \/>\n\t<\/label><br \/>\n\t<label ><br \/>\n\t\t<input\n\t\t\ttype=\"checkbox\"\n\t\t\tclass=\"jet-checkboxes-list__input\"\n\t\t\tname=\"wp_theme\"\n\t\t\tvalue=\"Lleida\"\n\t\t\tdata-label=\"Lleida\"\n\t\t\t\t\t><br \/>\n\t\t\t\t\t\tLleida<br \/>\n\t<\/label><\/p>\n<h6>Cursos Disponibles<\/h6>\n<h2>+20 a\u00f1os acompa\u00f1ando a las personas a transformar su carrera profesional<\/h2>\n<h4>\u00a1Descubre la historia de nuestros alumnos.<br \/>\nM\u00e1s de X se han formado con nosotros!<\/h4>\n<style>\/*! elementor - v3.11.3 - 07-03-2023 *\/\n.elementor-widget-image{text-align:center}.elementor-widget-image a{display:inline-block}.elementor-widget-image a img[src$=\".svg\"]{width:48px}.elementor-widget-image img{vertical-align:middle;display:inline-block}<\/style>\n<p>\t\t\t\t\t\t\t\t\t\t\t\t<img data-recalc-dims=\"1\" loading=\"lazy\" decoding=\"async\" width=\"489\" height=\"459\" src=\"https:\/\/i0.wp.com\/girosformacion.com\/wp-content\/uploads\/2023\/02\/testimoniales-perfiles-cursos.png?resize=489%2C459&#038;ssl=1\" alt=\"\" loading=\"lazy\" srcset=\"https:\/\/girosformacion.com\/wp-content\/uploads\/2023\/02\/testimoniales-perfiles-cursos.png 489w, https:\/\/girosformacion.com\/wp-content\/uploads\/2023\/02\/testimoniales-perfiles-cursos-300x282.png 300w\" sizes=\"auto, (max-width: 489px) 100vw, 489px\" \/>\t\t\t\t\t\t\t\t\t\t\t\t\t\t\t<\/p>\n<style>\/*! elementor - v3.11.3 - 07-03-2023 *\/\n.elementor-testimonial-wrapper{overflow:hidden;text-align:center}.elementor-testimonial-wrapper .elementor-testimonial-content{font-size:1.3em;margin-bottom:20px}.elementor-testimonial-wrapper .elementor-testimonial-name{line-height:1.5;display:block}.elementor-testimonial-wrapper .elementor-testimonial-job{font-size:.85em;display:block}.elementor-testimonial-wrapper .elementor-testimonial-meta{width:100%;line-height:1}.elementor-testimonial-wrapper .elementor-testimonial-meta-inner{display:inline-block}.elementor-testimonial-wrapper .elementor-testimonial-meta .elementor-testimonial-details,.elementor-testimonial-wrapper .elementor-testimonial-meta .elementor-testimonial-image{display:table-cell;vertical-align:middle}.elementor-testimonial-wrapper .elementor-testimonial-meta .elementor-testimonial-image img{width:60px;height:60px;border-radius:50%;-o-object-fit:cover;object-fit:cover;max-width:none}.elementor-testimonial-wrapper .elementor-testimonial-meta.elementor-testimonial-image-position-aside .elementor-testimonial-image{padding-right:15px}.elementor-testimonial-wrapper .elementor-testimonial-meta.elementor-testimonial-image-position-aside .elementor-testimonial-details{text-align:left}.elementor-testimonial-wrapper .elementor-testimonial-meta.elementor-testimonial-image-position-top .elementor-testimonial-details,.elementor-testimonial-wrapper .elementor-testimonial-meta.elementor-testimonial-image-position-top .elementor-testimonial-image{display:block}.elementor-testimonial-wrapper .elementor-testimonial-meta.elementor-testimonial-image-position-top .elementor-testimonial-image{margin-bottom:20px}<\/style>\n<p>\t\t\t\t\t\t\t\u201cHace a\u00f1os que me estoy formando con Criteria y estoy muy contenta con su oferta formativa. Los cursos cuentan con una metodolog\u00eda muy innovadora y los contenidos est\u00e1n muy bien elaborados.\u201d<br \/>\n\t\t\t\t\t\t\t\t\t\t\t\t\t\tAdriana Butnariu<br \/>\n\t\t\t\t\t\t\t\t\t\t\t\t\t\t\t\t\t\t\t\t\t\tEstudiante de Neuroliderazgo<br \/>\n\t\t\t\t\t\t\t\u201cGracias a Criteria me siento m\u00e1s profesional.\u201d<br \/>\n\t\t\t\t\t\t\t\t\t\t\t\t\t\tMar\u00eda Ferrando Fenoll<br \/>\n\t\t\t\t\t\t\t\t\t\t\t\t\t\t\t\t\t\t\t\t\t\tEstudiante Resoluci\u00f3n de Conflictos<br \/>\n\t\t\t\t\t\t\t\u00abEn cada formaci\u00f3n se han interesado en conocer mi motivaci\u00f3n y objetivos orient\u00e1ndome a conseguirlos\u201d<br \/>\n\t\t\t\t\t\t\t\t\t\t\t\t\t\tDavid Martinez<br \/>\n\t\t\t\t\t\t\t\t\t\t\t\t\t\t\t\t\t\t\t\t\t\tEstudiante de CP Sociosanitario<\/p>\n","protected":false},"excerpt":{"rendered":"<p>Cursos subvencionados \u00bfqu\u00e9 son? \u00bfPor qu\u00e9 no tienen ning\u00fan coste? La formaci\u00f3n subvencionada es un tipo de formaci\u00f3n proporcionada por entidades p\u00fablicas u organizaciones empresariales y sindicales que est\u00e1 financiada con fondos p\u00fablicos, lo que permite al alumnado cursar programas formativos sin tener que realizar ning\u00fan desembolso de dinero. En Giros by Criteria, la formaci\u00f3n subvencionada que impartimos est\u00e1 dentro del marco de la Ley 30\/2015 de iniciativas del sistema de Formaci\u00f3n Profesional para la Ocupaci\u00f3n del \u00e1mbito laboral. Nuestra oferta est\u00e1 constituida por: Oferta formativa para las personas trabajadoras ocupadas. Otras iniciativas de formaci\u00f3n profesional para la ocupaci\u00f3n. Oferta formativa para personas trabajadoras en situaci\u00f3n de desempleo. Nuestras escuelas Acompa\u00f1amos a profesionales en diferentes \u00e1reas de inter\u00e9s con una amplia propuesta de formaciones. Todo el contenido de los cursos, son dise\u00f1ados por un equipo pedag\u00f3gico experto y metodolog\u00eda de aprendizaje avalada por el Ministerio de Educaci\u00f3n y Formaci\u00f3n Profesional. VER TODOS LOS CURSOS Explora nuestros cursos Selecciona una escuela Administraci\u00f3n y gesti\u00f3n de empresas Aplicaciones inform\u00e1ticas Hosteler\u00eda y turismo Idiomas Liderazgo y habilidades de gesti\u00f3n Log\u00edstica, transporte y construcci\u00f3n Marketing digital y dise\u00f1o web Sanidad y servicios a las personas Seguridad privada Seguridad y salud laboral Sostenibilidad, agricultura y alimentaci\u00f3n Seleccionar Administraci\u00f3n y gesti\u00f3n de empresas Aplicaciones inform\u00e1ticas Hosteler\u00eda y turismo Idiomas Liderazgo y habilidades de gesti\u00f3n Log\u00edstica, transporte y construcci\u00f3n Marketing digital y dise\u00f1o web Sanidad y servicios a las personas Seguridad privada Seguridad y salud laboral Sostenibilidad, agricultura y alimentaci\u00f3n Seleccione una ciudad Toda Espa\u00f1a Madrid Barcelona Lleida Seleccionar Toda Espa\u00f1a Madrid Barcelona Lleida Cursos Disponibles +20 a\u00f1os acompa\u00f1ando a las personas a transformar su carrera profesional \u00a1Descubre la historia de nuestros alumnos. M\u00e1s de X se han formado con nosotros! \u201cHace a\u00f1os que me estoy formando con Criteria y estoy muy contenta con su oferta formativa. Los cursos cuentan con una metodolog\u00eda muy innovadora y los contenidos est\u00e1n muy bien elaborados.\u201d Adriana Butnariu Estudiante de Neuroliderazgo \u201cGracias a Criteria me siento m\u00e1s profesional.\u201d Mar\u00eda Ferrando Fenoll Estudiante Resoluci\u00f3n de Conflictos \u00abEn cada formaci\u00f3n se han interesado en conocer mi motivaci\u00f3n y objetivos orient\u00e1ndome a conseguirlos\u201d David Martinez Estudiante de CP Sociosanitario<\/p>","protected":false},"author":15,"featured_media":0,"parent":0,"menu_order":6,"comment_status":"closed","ping_status":"closed","template":"elementor_header_footer","meta":{"_acf_changed":false,"footnotes":""},"class_list":["post-366","page","type-page","status-publish","hentry"],"acf":[],"jetpack_likes_enabled":true,"jetpack_sharing_enabled":true,"_links":{"self":[{"href":"https:\/\/girosformacion.com\/ca\/wp-json\/wp\/v2\/pages\/366","targetHints":{"allow":["GET"]}}],"collection":[{"href":"https:\/\/girosformacion.com\/ca\/wp-json\/wp\/v2\/pages"}],"about":[{"href":"https:\/\/girosformacion.com\/ca\/wp-json\/wp\/v2\/types\/page"}],"author":[{"embeddable":true,"href":"https:\/\/girosformacion.com\/ca\/wp-json\/wp\/v2\/users\/15"}],"replies":[{"embeddable":true,"href":"https:\/\/girosformacion.com\/ca\/wp-json\/wp\/v2\/comments?post=366"}],"version-history":[{"count":61,"href":"https:\/\/girosformacion.com\/ca\/wp-json\/wp\/v2\/pages\/366\/revisions"}],"predecessor-version":[{"id":6960,"href":"https:\/\/girosformacion.com\/ca\/wp-json\/wp\/v2\/pages\/366\/revisions\/6960"}],"wp:attachment":[{"href":"https:\/\/girosformacion.com\/ca\/wp-json\/wp\/v2\/media?parent=366"}],"curies":[{"name":"wp","href":"https:\/\/api.w.org\/{rel}","templated":true}]}}