{"id":3,"date":"2022-12-19T09:18:26","date_gmt":"2022-12-19T09:18:26","guid":{"rendered":"https:\/\/girosformacion.com\/?page_id=3"},"modified":"2023-03-10T18:00:44","modified_gmt":"2023-03-10T17:00:44","slug":"politica-privadesa","status":"publish","type":"page","link":"https:\/\/girosformacion.com\/ca\/politica-privacidad\/","title":{"rendered":"Pol\u00edtica de privadesa"},"content":{"rendered":"<div data-elementor-type=\"wp-page\" data-elementor-id=\"3\" class=\"elementor elementor-3\" data-elementor-post-type=\"page\">\n\t\t\t\t\t\t<section class=\"elementor-section elementor-top-section elementor-element elementor-element-1a13940e elementor-section-boxed elementor-section-height-default elementor-section-height-default\" data-id=\"1a13940e\" data-element_type=\"section\" data-e-type=\"section\" data-settings=\"{&quot;background_background&quot;:&quot;classic&quot;}\">\n\t\t\t\t\t\t<div class=\"elementor-container elementor-column-gap-default\">\n\t\t\t\t\t<div class=\"elementor-column elementor-col-100 elementor-top-column elementor-element elementor-element-3ef4f575\" data-id=\"3ef4f575\" data-element_type=\"column\" data-e-type=\"column\">\n\t\t\t<div class=\"elementor-widget-wrap elementor-element-populated\">\n\t\t\t\t\t\t<div class=\"elementor-element elementor-element-349caab elementor-widget elementor-widget-heading\" data-id=\"349caab\" data-element_type=\"widget\" data-e-type=\"widget\" data-widget_type=\"heading.default\">\n\t\t\t\t<div class=\"elementor-widget-container\">\n\t\t\t\t\t<h2 class=\"elementor-heading-title elementor-size-default\">Pol\u00edtica de privadesa<\/h2>\t\t\t\t<\/div>\n\t\t\t\t<\/div>\n\t\t\t\t<div class=\"elementor-element elementor-element-63a788cd elementor-widget elementor-widget-text-editor\" data-id=\"63a788cd\" data-element_type=\"widget\" data-e-type=\"widget\" data-widget_type=\"text-editor.default\">\n\t\t\t\t<div class=\"elementor-widget-container\">\n\t\t\t\t\t\t\t\t\t\n<h5 class=\"wp-block-heading\">El Responsable del tractament de les dades recollides per mitj\u00e0 d&#039;aquest Lloc Web \u00e9s:<\/h5>\n<p>Criteria Recursos Humans, SL (d&#039;ara endavant, \u201cCriteria\u201d), amb domicili al C\/Tuset, n\u00famero 19, 2a planta, 08006 \u2013 Barcelona (Espanya), i correu electr\u00f2nic de contacte <a href=\"mailto:info@criteria.es\">info@criteria.es<\/a>.<\/p>\n<h5>Les dades personals facilitades a Criteria s&#039;utilitzaran per a:<\/h5>\n<ol>\n<li>Atendre les sol\u00b7licituds dinformaci\u00f3 i\/o consultes efectuades per lUsuari. Les dades tractades amb aquesta finalitat es conservaran durant els terminis de conservaci\u00f3 i de prescripci\u00f3 de responsabilitats legalment previstes.<\/li>\n<li>Mantenir informat l&#039;usuari, fins i tot per mitjans electr\u00f2nics, sobre els productes, serveis i novetats de Criteria. Les dades tractades amb aquesta finalitat es conservaran fins al moment en qu\u00e8 l&#039;Usuari en retiri el consentiment. Si l&#039;Usuari consenteix el tractament de les seves dades amb aquesta finalitat, haur\u00e0 de marcar la casella habilitada a aquest efecte al Lloc Web.<\/li>\n<li>En cas d&#039;enviament de curr\u00edculum mitjan\u00e7ant aquest Lloc Web les dades facilitades per l&#039;Usuari es tractaran per atendre la seva sol\u00b7licitud d&#039;ocupaci\u00f3 i, si escau, permetre optar a un lloc de treball a Criteria. Les dades tractades amb aquesta finalitat es conservaran fins que l&#039;Usuari revoqui el seu consentiment o fins al cap de 24 mesos des de la recepci\u00f3.<\/li>\n<\/ol>\n<p>\u00a0<\/p>\n<p>La base jur\u00eddica del tractament de dades personals \u00e9s: a) quan l&#039;usuari sigui una persona f\u00edsica, el consentiment i\/o l&#039;execuci\u00f3 del contracte quan l&#039;interessat en sigui part, ib) quan l&#039;usuari representa una persona jur\u00eddica, el consentiment i\/o, en relaci\u00f3 amb les dades de les persones de contacte, l&#039;inter\u00e8s leg\u00edtim. En aquest darrer cas, lusuari es compromet a informar a les persones de contacte del contingut daquesta cl\u00e0usula.<\/p>\n<p>Les dades es poden comunicar als destinataris tercers seg\u00fcents: Administracions p\u00fabliques per al compliment d&#039;obligacions legals. A m\u00e9s, podran comunicar-se a les categories d&#039;encarregats seg\u00fcents: Prove\u00efdors de comunicacions electr\u00f2niques i ofim\u00e0tica online, hosting, serveis SaaS com CRM\/ERP, gestoria, comptabilitat, auditoria i advocats. Criteria podr\u00e0 transferir les dades de car\u00e0cter personal a Encarregats ubicats als Estats Units d&#039;Am\u00e8rica adherits al Privacy Shield, que compta amb una decisi\u00f3 d&#039;adequaci\u00f3 de la Comissi\u00f3 Europea (Decisi\u00f3 d&#039;execuci\u00f3 (UE) 2016\/1250 de la Comissi\u00f3).<\/p>\n<p>Linteressat podr\u00e0 exercir en qualsevol moment els drets dacc\u00e9s, rectificaci\u00f3, supressi\u00f3, limitaci\u00f3, oposici\u00f3 o portabilitat mitjan\u00e7ant correu electr\u00f2nic dirigit a <a href=\"mailto:info@criteria.es\">info@criteria.es<\/a> o b\u00e9 mitjan\u00e7ant escrit dirigit a Criteria, C\/Tuset, n\u00famero 19, 2a planta, 08006 \u2013 Barcelona (Espanya). En els tractaments la legitimaci\u00f3 dels quals es basen en el consentiment, l&#039;Usuari t\u00e9 el dret a retirar aquest consentiment en qualsevol moment. Linteressat tindr\u00e0 dret a presentar reclamaci\u00f3 davant lautoritat de control.<\/p>\n\t\t\t\t\t\t\t\t<\/div>\n\t\t\t\t<\/div>\n\t\t\t\t\t<\/div>\n\t\t<\/div>\n\t\t\t\t\t<\/div>\n\t\t<\/section>\n\t\t\t\t<\/div>","protected":false},"excerpt":{"rendered":"<p>El Responsable del tractament de les dades recollides per mitj\u00e0 d&#039;aquest Lloc Web \u00e9s: Criteria Recursos Humans, SL (d&#039;ara endavant, \u201cCriteria\u201d), amb domicili al C\/Tuset, n\u00famero 19, 2a planta, 08006 \u2013 Barcelona (Espanya), i correu electr\u00f2nic de contacte info@criteria.es. Les dades personals facilitades a Criteria es faran servir per: Atendre les sol\u00b7licituds d&#039;informaci\u00f3 i\/o consultes efectuades per l&#039;Usuari. Les dades tractades amb aquesta finalitat es conservaran durant els terminis de conservaci\u00f3 i de prescripci\u00f3 de responsabilitats legalment previstes. Mantenir informat l&#039;usuari, fins i tot per mitjans electr\u00f2nics, sobre els productes, serveis i novetats de Criteria. Les dades tractades amb aquesta finalitat es conservaran fins al moment en qu\u00e8 l&#039;Usuari en retiri el consentiment. Si l&#039;Usuari consenteix el tractament de les seves dades amb aquesta finalitat, haur\u00e0 de marcar la casella habilitada a aquest efecte al Lloc Web. En cas d&#039;enviament de curr\u00edculum mitjan\u00e7ant aquest Lloc Web les dades facilitades per l&#039;Usuari es tractaran per atendre la seva sol\u00b7licitud d&#039;ocupaci\u00f3 i, si escau, permetre optar a un lloc de treball a Criteria. Les dades tractades amb aquesta finalitat es conservaran fins que l&#039;Usuari revoqui el seu consentiment o fins al cap de 24 mesos des de la recepci\u00f3.  La base jur\u00eddica del tractament de dades personals \u00e9s: a) quan l&#039;usuari sigui una persona f\u00edsica, el consentiment i\/o l&#039;execuci\u00f3 del contracte quan l&#039;interessat en sigui part, ib) quan l&#039;usuari representa una persona jur\u00eddica, el consentiment i\/o, en relaci\u00f3 amb les dades de les persones de contacte, l&#039;inter\u00e8s leg\u00edtim. En aquest darrer cas, lusuari es compromet a informar a les persones de contacte del contingut daquesta cl\u00e0usula. Les dades es poden comunicar als destinataris tercers seg\u00fcents: Administracions p\u00fabliques per al compliment d&#039;obligacions legals. A m\u00e9s, podran comunicar-se a les categories d&#039;encarregats seg\u00fcents: Prove\u00efdors de comunicacions electr\u00f2niques i ofim\u00e0tica online, hosting, serveis SaaS com CRM\/ERP, gestoria, comptabilitat, auditoria i advocats. Criteria podr\u00e0 transferir les dades de car\u00e0cter personal a Encarregats ubicats als Estats Units d&#039;Am\u00e8rica adherits al Privacy Shield, que compta amb una decisi\u00f3 d&#039;adequaci\u00f3 de la Comissi\u00f3 Europea (Decisi\u00f3 d&#039;execuci\u00f3 (UE) 2016\/1250 de la Comissi\u00f3). L&#039;interessat podr\u00e0 exercir en qualsevol moment els drets d&#039;acc\u00e9s, rectificaci\u00f3, supressi\u00f3, limitaci\u00f3, oposici\u00f3 o portabilitat mitjan\u00e7ant correu electr\u00f2nic dirigit a info@criteria.es o b\u00e9 mitjan\u00e7ant escrit dirigit a Criteria, C\/Tuset, n\u00famero 19, 2a planta, 08006 \u2013 Barcelona (Espanya). En els tractaments la legitimaci\u00f3 dels quals es basen en el consentiment, l&#039;Usuari t\u00e9 el dret a retirar aquest consentiment en qualsevol moment. Linteressat tindr\u00e0 dret a presentar reclamaci\u00f3 davant lautoritat de control.<\/p>","protected":false},"author":15,"featured_media":0,"parent":0,"menu_order":8,"comment_status":"closed","ping_status":"closed","template":"elementor_header_footer","meta":{"_acf_changed":false,"footnotes":""},"class_list":["post-3","page","type-page","status-publish","hentry"],"acf":[],"jetpack_likes_enabled":true,"jetpack_sharing_enabled":true,"_links":{"self":[{"href":"https:\/\/girosformacion.com\/ca\/wp-json\/wp\/v2\/pages\/3","targetHints":{"allow":["GET"]}}],"collection":[{"href":"https:\/\/girosformacion.com\/ca\/wp-json\/wp\/v2\/pages"}],"about":[{"href":"https:\/\/girosformacion.com\/ca\/wp-json\/wp\/v2\/types\/page"}],"author":[{"embeddable":true,"href":"https:\/\/girosformacion.com\/ca\/wp-json\/wp\/v2\/users\/15"}],"replies":[{"embeddable":true,"href":"https:\/\/girosformacion.com\/ca\/wp-json\/wp\/v2\/comments?post=3"}],"version-history":[{"count":31,"href":"https:\/\/girosformacion.com\/ca\/wp-json\/wp\/v2\/pages\/3\/revisions"}],"predecessor-version":[{"id":6720,"href":"https:\/\/girosformacion.com\/ca\/wp-json\/wp\/v2\/pages\/3\/revisions\/6720"}],"wp:attachment":[{"href":"https:\/\/girosformacion.com\/ca\/wp-json\/wp\/v2\/media?parent=3"}],"curies":[{"name":"wp","href":"https:\/\/api.w.org\/{rel}","templated":true}]}}