{"id":10075,"date":"2024-05-21T13:28:20","date_gmt":"2024-05-21T11:28:20","guid":{"rendered":"https:\/\/girosformacion.com\/?page_id=10075"},"modified":"2024-06-14T13:11:20","modified_gmt":"2024-06-14T11:11:20","slug":"politica-de-privadesa","status":"publish","type":"page","link":"https:\/\/girosformacion.com\/ca\/politica-de-privacidad\/","title":{"rendered":"Pol\u00edtica de qualitat"},"content":{"rendered":"<div data-elementor-type=\"wp-page\" data-elementor-id=\"10075\" class=\"elementor elementor-10075\" data-elementor-post-type=\"page\">\n\t\t\t\t\t\t<section class=\"elementor-section elementor-top-section elementor-element elementor-element-1a13940e elementor-section-boxed elementor-section-height-default elementor-section-height-default wpr-equal-height-no\" data-id=\"1a13940e\" data-element_type=\"section\" data-e-type=\"section\" data-settings=\"{&quot;background_background&quot;:&quot;classic&quot;}\">\n\t\t\t\t\t\t<div class=\"elementor-container elementor-column-gap-default\">\n\t\t\t\t\t<div class=\"elementor-column elementor-col-100 elementor-top-column elementor-element elementor-element-3ef4f575\" data-id=\"3ef4f575\" data-element_type=\"column\" data-e-type=\"column\">\n\t\t\t<div class=\"elementor-widget-wrap elementor-element-populated\">\n\t\t\t\t\t\t<div class=\"elementor-element elementor-element-349caab elementor-widget elementor-widget-heading\" data-id=\"349caab\" data-element_type=\"widget\" data-e-type=\"widget\" data-widget_type=\"heading.default\">\n\t\t\t\t<div class=\"elementor-widget-container\">\n\t\t\t\t\t<h2 class=\"elementor-heading-title elementor-size-default\">Pol\u00edtica de qualitat<\/h2>\t\t\t\t<\/div>\n\t\t\t\t<\/div>\n\t\t\t\t<div class=\"elementor-element elementor-element-63a788cd elementor-widget elementor-widget-text-editor\" data-id=\"63a788cd\" data-element_type=\"widget\" data-e-type=\"widget\" data-widget_type=\"text-editor.default\">\n\t\t\t\t<div class=\"elementor-widget-container\">\n\t\t\t\t\t\t\t\t\t<p>La direcci\u00f3 i l&#039;equip del <strong>GRUP CRITERIA<\/strong> (<strong>Criteria Recursos Humans, SLU<\/strong>, <strong>Runtos, SLU i Aula Consulting 360, SAU<\/strong>), dedica tots els seus esfor\u00e7os a:<\/p><ul><li>L&#039;organitzaci\u00f3 d&#039;accions formatives de qualitat, la consultoria i l&#039;elaboraci\u00f3 de plans d&#039;igualtat, que permetin el desenvolupament dels recursos humans de les nostres empreses client, i la capacitaci\u00f3 professional en situaci\u00f3 d&#039;atur a nivell nacional.<\/li><li>Oferir solucions globals de gesti\u00f3 d&#039;ajuts, concursos i subvencions que permetin el desenvolupament de projectes orientats a la formaci\u00f3 i als recursos humans de les nostres empreses client.<\/li><\/ul><p>Considerem que el nostre servei integrat de qualitat, medi ambient i seguretat de la informaci\u00f3 es basa en el fet que:<\/p><ul><li>Busca, informa i proposa als nostres clients ajuts i subvencions que convoquen diferents organismes p\u00fablics i privats.<\/li><li>Planifica i organitza sobre la base de una detecci\u00f3 de necessitats formatives i l&#039;establiment d&#039;objectius de millora.<\/li><li>Respon a les necessitats organitzatives de cada empresa client, adaptant-se al calendari i disponibilitat de despla\u00e7ament.<\/li><li>Ofereix solucions a qualsevol imprevist que pugui sorgir.<\/li><li>S\u00b4adapta a la cultura de l\u00b4empresa contractant.<\/li><li>Satisf\u00e0 tant l&#039;empresa com l&#039;alumnat.<\/li><\/ul><p>Com a mostra de la nostra millora cont\u00ednua, GRUP CRITERIA incorpora les empreses Runtos, SLU i Aula Consulting 360, SAU per oferir un servei m\u00e9s proper a la nostra clientela de la resta del territori nacional.<\/p><p>En aquest sentit, \u00e9s una via important de millora dels nostres serveis el manteniment duna comunicaci\u00f3 fluida i cont\u00ednua amb les nostres empreses client; valorant en tot moment la satisfacci\u00f3 tant dels resultats de la formaci\u00f3 com dels nostres serveis en general.<\/p><p>L&#039;equip de les empreses de GRUP CRITERIA vetlla per l&#039;actualitzaci\u00f3 constant dels seus coneixements i la innovaci\u00f3 en l&#039;\u00e0mbit legal i tecnol\u00f2gic, com a mitj\u00e0 per adaptar els nostres serveis a les necessitats i exig\u00e8ncies de millora cont\u00ednua de les persones usu\u00e0ries. Aquest objectiu tamb\u00e9 comporta la creaci\u00f3 d\u201funa xarxa d\u201fagents col\u00b7laborador, docents freelance i centres de formaci\u00f3, capa\u00e7os de garantir un bon servei i la m\u00e0xima qualitat, atenent els seus requisits i els requisits legals i reglamentaris que ens apliqui.<\/p><p>\u00c9s el nostre objectiu de millora cont\u00ednua oferir un servei en solucions globals que inclogui, a m\u00e9s a m\u00e9s dels serveis actuals, la creaci\u00f3 d&#039;un sistema que ens permeti avan\u00e7ar-nos a les necessitats de la nostra clientela.<\/p><p>GRUP CRITERIA vetlla perqu\u00e8 les condicions de treball siguin \u00f2ptimes mitjan\u00e7ant l&#039;avaluaci\u00f3 dels riscos que es poden produir en els processos, eliminant tant com sigui possible aquests i reduint els avaluats. A m\u00e9s, som respectats amb el medi ambient, ja que redu\u00efm al m\u00ednim la producci\u00f3 de residus per conservar els recursos.<\/p><p>Fomentem l&#039;\u00fas racional dels recursos naturals, implicant els nostres prove\u00efdors i clients.<\/p><p>Els principis de GRUP CRITERIA es basen en la preservaci\u00f3 de la confidencialitat de la informaci\u00f3, evitant-ne la divulgaci\u00f3 i l&#039;acc\u00e9s per persones no autoritzades. El manteniment de la integritat de la informaci\u00f3 procurant-ne l&#039;exactitud i evitant-ne el deteriorament. L&#039;assegurament de la disponibilitat de la informaci\u00f3 a tots els suports i sempre que sigui necess\u00e0ria.<\/p><p>La direcci\u00f3 es compromet a desenvolupar, implantar, mantenir i millorar cont\u00ednuament el seu sistema de Gesti\u00f3 de Seguretat de la Informaci\u00f3 amb l&#039;objectiu de la millora cont\u00ednua en la manera com prestem els nostres serveis i en la manera com tractem la informaci\u00f3 dels nostres clients.<\/p><p>S&#039;estableixen les directrius seg\u00fcents;<\/p><ul><li>Establiment dobjectius amb relaci\u00f3 a la Seguretat de la Informaci\u00f3.<\/li><li>Compliment dels requisits legals i altres requisits que puguem subscriure<\/li><li>Realitzar activitats de formaci\u00f3 i conscienciaci\u00f3 en mat\u00e8ria dels processos de seguretat de la informaci\u00f3 per a tot el personal.<\/li><li>Desenvolupament de l&#039;an\u00e0lisi, la gesti\u00f3 i el tractament del risc sobre els actius d&#039;informaci\u00f3.<\/li><li>Establir totes les accions requerides per mitigar o eliminar els riscos detectats.<\/li><li>Establir la responsabilitat dels empleats en relaci\u00f3 amb el reporti de les incid\u00e8ncies de seguretat.<\/li><li>Preservar la confidencialitat, integritat i disponibilitat dels actius d&#039;informaci\u00f3 en compliment de la present pol\u00edtica<\/li><li>Compliment per part de tot el personal de les pol\u00edtiques i els procediments del Sistema de Gesti\u00f3 de la Seguretat de la Informaci\u00f3. Implantar els indicadors de Qualitat i de gesti\u00f3 ambiental per avaluar l&#039;exercici dels processos de l&#039;empresa, de manera que ens permeti con\u00e8ixer i assegurar el producte i el nivell de qualitat desitjat pel nostre client i garantir una ocupaci\u00f3 racional dels recursos naturals.<\/li><li>Gestionar els processos que redueixin l&#039;impacte ambiental a la nostra activitat i avaluar anticipadament, l&#039;impacte ambiental de les noves activitats o serveis.<\/li><li>Fomentar l&#039;ocupaci\u00f3 racional dels recursos naturals i una clara conscienciaci\u00f3 d&#039;afavorir el nostre entorn, no nom\u00e9s a trav\u00e9s de la nostra tasca, sin\u00f3 implicant tamb\u00e9 tots els nostres prove\u00efdors i clients.<\/li><\/ul><p>La Direcci\u00f3 assigna responsabilitats i autoritat al Responsable de Seguretat sobre el manteniment d&#039;aquesta pol\u00edtica, prestant consell i guia per a la seva implementaci\u00f3 i correccions davant de desviacions en el seu compliment, aix\u00ed com en la gesti\u00f3 de les pol\u00edtiques, el procediment i les activitats de l&#039;SGSI.<\/p><p>La Direcci\u00f3 vol manifestar a la seva plantilla, clientela, usuaris i empreses prove\u00efdores, a trav\u00e9s d&#039;aquest document, el seu convenciment que la qualitat \u00e9s un factor clau en la millora de l&#039;empresa i ha de ser assumida, amb responsabilitat, per totes les persones, COMEN\u00c7ANT PER LA DIRECCI\u00d3.<\/p><p>M\u00f2nica S\u00e1nchez Valera<\/p><p><strong>Directora general<\/strong><\/p>\t\t\t\t\t\t\t\t<\/div>\n\t\t\t\t<\/div>\n\t\t\t\t\t<\/div>\n\t\t<\/div>\n\t\t\t\t\t<\/div>\n\t\t<\/section>\n\t\t\t\t<\/div>","protected":false},"excerpt":{"rendered":"<p>La direcci\u00f3n y el equipo del GRUPO CRITERIA (Criteria Recursos Humanos, S.L.U., Runtos, S.L.U. y Aula Consulting 360, S.A.U.), dedica todos sus esfuerzos a: La organizaci\u00f3n de acciones formativas de calidad, la consultor\u00eda y la elaboraci\u00f3n de planes de igualdad, que permitan el desarrollo de los Recursos Humanos de nuestras empresas cliente, y la capacitaci\u00f3n profesional en situaci\u00f3n de desempleo a nivel nacional. Ofrecer soluciones globales de gesti\u00f3n de ayudas, concursos y subvenciones que permitan el desarrollo de proyectos orientados a la formaci\u00f3n y a los Recursos Humanos de nuestras empresas cliente. Consideramos que nuestro servicio integrado de calidad, medio ambiente y seguridad de la informaci\u00f3n se basa en el hecho que: Busca, informa y propone a nuestros clientes ayudas y subvenciones que convocan diferentes organismos p\u00fablicos y privados. Planifica y organiza en base a una detecci\u00f3n de necesidades formativas y el establecimiento de objetivos de mejora. Responde a las necesidades organizativas de cada empresa cliente, adapt\u00e1ndose a su calendario y disponibilidad de desplazamiento. Ofrece soluciones a cualquier imprevisto que pueda surgir. Se adapta a la cultura de la empresa contratante. Satisface tanto a la empresa como al alumnado. Como muestra de nuestra mejora continua, GRUPO CRITERIA incorpora las empresas Runtos, S.L.U y Aula Consulting 360, S.A.U. para ofrecer un servicio m\u00e1s cercano a nuestra clientela del resto del territorio nacional. En este sentido, es una v\u00eda importante de mejora de nuestros servicios el mantenimiento de una comunicaci\u00f3n fluida y continua con nuestras empresas cliente; valorando en todo momento la satisfacci\u00f3n tanto de los resultados de la formaci\u00f3n, como de nuestros servicios en general. El equipo de las empresas de GRUPO CRITERIA vela por la actualizaci\u00f3n constante de sus conocimientos y la innovaci\u00f3n en el \u00e1mbito legal y tecnol\u00f3gico, como medio para adaptar nuestros servicios a las necesidades y exigencias de mejora continua de las personas usuarias de \u00e9stos. Este objetivo tambi\u00e9n conlleva la creaci\u00f3n de una red de agentes colaborador, docentes freelance y centros de formaci\u00f3n, capaces de garantizar un buen servicio y la m\u00e1xima calidad, atendiendo a sus requisitos y a los requisitos legales y reglamentarios que nos aplique. Es nuestro objetivo de mejora continua ofrecer un servicio en soluciones globales que incluya, adem\u00e1s de los servicios actuales, la creaci\u00f3n de un sistema que nos permita avanzarnos a las necesidades de nuestra clientela. GRUPO CRITERIA vela para que las condiciones de trabajo sean \u00f3ptimas mediante la evaluaci\u00f3n de los riesgos que pueden producirse en los procesos, eliminando en lo posible los mismos y reduciendo los evaluados. Adem\u00e1s, somos respetus@s con el medioambiente, ya que reducimos al m\u00ednimo la producci\u00f3n de residuos para conservar los recursos. Fomentamos el empleo racional de los recursos naturales, implicando a nuestros proveedores y clientes. Los principios de GRUPO CRITERIA se basan en la preservaci\u00f3n de la confidencialidad de la informaci\u00f3n, evitando su divulgaci\u00f3n y el acceso por personas no autorizadas. El mantenimiento de la integridad de la informaci\u00f3n procurando su exactitud y evitando su deterioro. El aseguramiento de la disponibilidad de la informaci\u00f3n en todos los soportes y siempre que sea necesaria. La direcci\u00f3n se compromete a desarrollar, implantar, mantener y mejorar continuamente su sistema de Gesti\u00f3n de Seguridad de la Informaci\u00f3n con el objetivo de la mejora continua en la forma en que prestamos nuestros servicios y en la forma en que tratamos la informaci\u00f3n de nuestros clientes. Se establecen las siguientes directrices; Establecimiento de objetivos con relaci\u00f3n a la Seguridad de la Informaci\u00f3n. Cumplimiento de los requisitos legales y otros requisitos que podamos suscribir Realizar actividades de formaci\u00f3n y concienciaci\u00f3n en materia de los procesos de Seguridad de la Informaci\u00f3n para todo el personal. Desarrollo del an\u00e1lisis, gesti\u00f3n y tratamiento del riesgo sobre los activos de informaci\u00f3n. Establecer todas las acciones requeridas para mitigar o eliminar los riesgos detectados. Establecer la responsabilidad de los empleados en relaci\u00f3n al reporte de las incidencias de seguridad. Preservar la confidencialidad, integridad y disponibilidad de los activos de informaci\u00f3n en cumplimiento de la presente pol\u00edtica Cumplimiento por parte de todo el personal de las pol\u00edticas y procedimientos del Sistema de Gesti\u00f3n de la Seguridad de la Informaci\u00f3n. Implantar los indicadores de Calidad y de gesti\u00f3n ambiental con el fin de evaluar el desempe\u00f1o de los procesos de la empresa, de forma que nos permita conocer y asegurar el producto y el nivel de calidad deseado por nuestro cliente y garantizar un empleo racional de los recursos naturales. Gestionar los procesos que reduzcan el impacto ambiental en nuestra actividad y evaluar anticipadamente, el impacto ambiental de las nuevas actividades o servicios. Fomentar el empleo racional de los recursos naturales y una concienciaci\u00f3n clara de favorecer nuestro entorno, no s\u00f3lo a trav\u00e9s de nuestra labor, sino implicando tambi\u00e9n a todos nuestros proveedores y clientes. La Direcci\u00f3n asigna responsabilidades y autoridad al Responsable de Seguridad sobre el mantenimiento de esta pol\u00edtica, prestando consejo y gu\u00eda para su implementaci\u00f3n y correcciones ante desviaciones en su cumplimiento, as\u00ed como en la gesti\u00f3n de las pol\u00edticas, procedimiento y actividades del SGSI. La Direcci\u00f3n quiere manifestar a su plantilla, clientela, usuari@s y empresas proveedoras, a trav\u00e9s de este documento, su convencimiento de que la calidad es un factor clave en la mejora de la empresa y debe ser asumida, con responsabilidad, por tod@s las personas, EMPEZANDO POR LA DIRECCI\u00d3N. M\u00f2nica S\u00e1nchez Valera Directora general<\/p>","protected":false},"author":15,"featured_media":0,"parent":0,"menu_order":8,"comment_status":"closed","ping_status":"closed","template":"elementor_header_footer","meta":{"_acf_changed":false,"footnotes":""},"class_list":["post-10075","page","type-page","status-publish","hentry"],"acf":[],"jetpack_likes_enabled":true,"jetpack_sharing_enabled":true,"_links":{"self":[{"href":"https:\/\/girosformacion.com\/ca\/wp-json\/wp\/v2\/pages\/10075","targetHints":{"allow":["GET"]}}],"collection":[{"href":"https:\/\/girosformacion.com\/ca\/wp-json\/wp\/v2\/pages"}],"about":[{"href":"https:\/\/girosformacion.com\/ca\/wp-json\/wp\/v2\/types\/page"}],"author":[{"embeddable":true,"href":"https:\/\/girosformacion.com\/ca\/wp-json\/wp\/v2\/users\/15"}],"replies":[{"embeddable":true,"href":"https:\/\/girosformacion.com\/ca\/wp-json\/wp\/v2\/comments?post=10075"}],"version-history":[{"count":13,"href":"https:\/\/girosformacion.com\/ca\/wp-json\/wp\/v2\/pages\/10075\/revisions"}],"predecessor-version":[{"id":10190,"href":"https:\/\/girosformacion.com\/ca\/wp-json\/wp\/v2\/pages\/10075\/revisions\/10190"}],"wp:attachment":[{"href":"https:\/\/girosformacion.com\/ca\/wp-json\/wp\/v2\/media?parent=10075"}],"curies":[{"name":"wp","href":"https:\/\/api.w.org\/{rel}","templated":true}]}}